{"id":5271,"date":"2022-12-14T22:24:42","date_gmt":"2022-12-14T22:24:42","guid":{"rendered":"https:\/\/s285250156.mialojamiento.es\/politica-de-cookies\/"},"modified":"2022-12-29T23:21:16","modified_gmt":"2022-12-29T23:21:16","slug":"cookies-policy","status":"publish","type":"page","link":"https:\/\/asesoriaanaliza.com\/en\/cookies-policy\/","title":{"rendered":"Cookies policy"},"content":{"rendered":"<section class=\"wpb-content-wrapper\"><p>[vc_row][vc_column][vc_column_text css=&#8221;.vc_custom_1672355580988{padding-top: 30px !important;padding-right: 20px !important;padding-bottom: 100px !important;padding-left: 20px !important;}&#8221;]<\/p>\r\n<p><span style=\"font-weight: 400;\">En esta web recopilamos y utilizamos la informaci\u00f3n seg\u00fan indicamos en nuestra pol\u00edtica de privacidad.<\/span><\/p>\r\n<p><span style=\"font-weight: 400;\">Una de las formas en las que recopilamos informaci\u00f3n es a trav\u00e9s del uso de la tecnolog\u00eda llamada \u201ccookies\u201d.<\/span><\/p>\r\n<p><span style=\"font-weight: 400;\">En <\/span><b>www.asesoriaanaliza.com<\/b><span style=\"font-weight: 400;\"> se utilizan cookies propias y de terceros para varias cosas, como le explicaremos a continuaci\u00f3n, con el lenguaje m\u00e1s sencillo que podamos, para que comprenda qu\u00e9 son, en qu\u00e9 consiste su uso en este sitio y c\u00f3mo puede rechazarlas, eliminarlas o revocarlas si no est\u00e1 de acuerdo con ello.<\/span><\/p>\r\n<h3 class=\"wp-block-heading\"><span style=\"font-weight: 400;\">\u00bfQu\u00e9 es una cookie?<\/span><\/h3>\r\n<p><span style=\"font-weight: 400;\">Una \u201ccookie\u201d es una peque\u00f1a cantidad de texto que contiene informaci\u00f3n y se almacena en su navegador (como Chrome de Google o Safari de Apple) cuando navega por la mayor\u00eda de los sitios web.<\/span><\/p>\r\n<h3><span style=\"font-weight: 400;\">\u00bfQu\u00e9 NO es una cookie?<\/span><\/h3>\r\n<p><span style=\"font-weight: 400;\">No es un virus, ni un troyano, ni un gusano, ni spam, ni spyware, ni abre ventanas pop-up.<\/span><\/p>\r\n<h3><span style=\"font-weight: 400;\">\u00bfQu\u00e9 informaci\u00f3n almacena una cookie?<\/span><\/h3>\r\n<p><span style=\"font-weight: 400;\">Las cookies no suelen almacenar informaci\u00f3n sensible sobre usted, como tarjetas de cr\u00e9dito o datos bancarios, fotograf\u00edas o informaci\u00f3n personal, etc. Los datos que guardan son de car\u00e1cter t\u00e9cnico, estad\u00edstico, sobre preferencias personales, personalizaci\u00f3n de contenidos, etc.<\/span><\/p>\r\n<p><span style=\"font-weight: 400;\">El servidor web no le asocia como persona sino a su navegador web (es por tanto una asociaci\u00f3n an\u00f3nima).<\/span><\/p>\r\n<p><span style=\"font-weight: 400;\">De hecho, si navega habitualmente con un navegador y prueba a navegar por la misma web con otro diferente, ver\u00e1 que la web no se da cuenta de que es la misma persona, porque en realidad est\u00e1 asociando la informaci\u00f3n al navegador, no a la persona.<\/span><\/p>\r\n<h3><span style=\"font-weight: 400;\">\u00bfQu\u00e9 tipo de cookies existen?<\/span><\/h3>\r\n<ul>\r\n<li style=\"font-weight: 400;\" aria-level=\"1\"><span style=\"font-weight: 400;\">Cookies t\u00e9cnicas: Son las m\u00e1s elementales y permiten, entre otras cosas, saber cu\u00e1ndo est\u00e1 navegando un humano o una aplicaci\u00f3n automatizada, cu\u00e1ndo navega un usuario an\u00f3nimo y uno registrado, tareas b\u00e1sicas para el funcionamiento de cualquier web din\u00e1mica.<\/span><\/li>\r\n<li style=\"font-weight: 400;\" aria-level=\"1\"><span style=\"font-weight: 400;\">Cookies de personalizaci\u00f3n: Permiten al usuario acceder a un servicio con algunas caracter\u00edsticas de car\u00e1cter general predefinidas en funci\u00f3n de criterios propios del terminal que usa (idioma, tipo de navegador, configuraci\u00f3n regional\u2026).<\/span><\/li>\r\n<li style=\"font-weight: 400;\" aria-level=\"1\"><span style=\"font-weight: 400;\">Cookies de an\u00e1lisis: Recogen informaci\u00f3n an\u00f3nima sobre el comportamiento de los usuarios en los sitios web con la finalidad de medir y analizar la actividad del sitio web en cuesti\u00f3n para introducir mejoras en funci\u00f3n de los datos de uso.<\/span><\/li>\r\n<li style=\"font-weight: 400;\" aria-level=\"1\"><span style=\"font-weight: 400;\">Cookies publicitarias: Permiten gestionar los espacios publicitarios de una web de manera m\u00e1s eficaz, en relaci\u00f3n al contenido editado o la frecuencia con la que se muestran los anuncios.<\/span><\/li>\r\n<li style=\"font-weight: 400;\" aria-level=\"1\"><span style=\"font-weight: 400;\">Cookies de publicidad comportamental: Permiten observar de manera continuada los h\u00e1bitos de navegaci\u00f3n de los usuarios de una web con la finalidad de desarrollar perfiles espec\u00edficos y mostrar publicidad en funci\u00f3n de los mismos.<\/span><\/li>\r\n<\/ul>\r\n<h3><span style=\"font-weight: 400;\">\u00bfQu\u00e9 son las cookies propias y las de terceros?<\/span><\/h3>\r\n<p><span style=\"font-weight: 400;\">Las cookies propias son las generadas por la p\u00e1gina que est\u00e1 visitando y las de terceros son las generadas por servicios o proveedores externos a esa p\u00e1gina, como ActiveCampaign, Mailrelay, Facebook, Twitter, Google Adsense, etc.<\/span><\/p>\r\n<h3><span style=\"font-weight: 400;\">Qu\u00e9 cookies utiliza esta web y para qu\u00e9<\/span><\/h3>\r\n<p><span style=\"font-weight: 400;\">Esta web utiliza cookies propias y de terceros. En concreto se utilizan las cookies que se detallan a continuaci\u00f3n:<\/span><\/p>\r\n<h4><span style=\"font-weight: 400;\">Cookies propias<\/span><\/h4>\r\n<ul>\r\n<li style=\"font-weight: 400;\" aria-level=\"1\"><span style=\"font-weight: 400;\">Personalizaci\u00f3n: Las cookies nos ayudan a recordar con qu\u00e9 personas o sitios web has interactuado, para que pueda mostrarle contenido relacionado.<\/span><\/li>\r\n<li style=\"font-weight: 400;\" aria-level=\"1\"><span style=\"font-weight: 400;\">Preferencias: Las cookies nos permiten recordar tus ajustes y preferencias, como el idioma preferido y su configuraci\u00f3n de privacidad.<\/span><\/li>\r\n<li style=\"font-weight: 400;\" aria-level=\"1\"><span style=\"font-weight: 400;\">Seguridad: Utilizamos cookies para evitarle riesgos de seguridad.<\/span><\/li>\r\n<\/ul>\r\n<h4><span style=\"font-weight: 400;\">Cookies de terceros<\/span><\/h4>\r\n<p><span style=\"font-weight: 400;\">Esta web, como la mayor\u00eda de sitios web, incluye funcionalidades proporcionadas por terceros.<\/span><\/p>\r\n<p><span style=\"font-weight: 400;\">Entre las cookies de terceros m\u00e1s estables est\u00e1n:<\/span><\/p>\r\n<ul>\r\n<li style=\"font-weight: 400;\" aria-level=\"1\"><span style=\"font-weight: 400;\">Las generadas por servicios de an\u00e1lisis: concretamente Google Analytics, para ayudar al website a analizar el uso que hacen los Usuarios del sitio web y mejorar la usabilidad del mismo. Pero en ning\u00fan caso se asocian a datos que pudieran llegar a identificar al usuario.<\/span><\/li>\r\n<\/ul>\r\n<p><span style=\"font-weight: 400;\">Google Analytics, es un servicio de anal\u00edtica web prestado por Google, Inc. Si lo desea, puede consultar el tipo de cookies utilizadas por Google.<\/span><\/p>\r\n<ul>\r\n<li style=\"font-weight: 400;\" aria-level=\"1\"><span style=\"font-weight: 400;\">Cookies de redes sociales: pueden almacenarse en su navegador mientras navega por <\/span><b>www.asesoriaanaliza.com<\/b><span style=\"font-weight: 400;\"> por ejemplo, cuando utiliza el bot\u00f3n de compartir contenidos de <\/span><b>www.asesoriaanaliza.com<\/b><span style=\"font-weight: 400;\"> en alguna red social.<\/span><\/li>\r\n<\/ul>\r\n<p><span style=\"font-weight: 400;\">A continuaci\u00f3n tiene informaci\u00f3n sobre las cookies de las redes sociales que utiliza esta web en sus propias pol\u00edticas de cookies:<\/span><\/p>\r\n<ul>\r\n<li style=\"font-weight: 400;\" aria-level=\"1\"><span style=\"font-weight: 400;\">Cookies de Facebook: ver m\u00e1s informaci\u00f3n en su pol\u00edtica de cookies.<\/span><\/li>\r\n<li style=\"font-weight: 400;\" aria-level=\"1\"><span style=\"font-weight: 400;\">Cookies de Twitter: ver m\u00e1s informaci\u00f3n en su pol\u00edtica de cookies.<\/span><\/li>\r\n<li style=\"font-weight: 400;\" aria-level=\"1\"><span style=\"font-weight: 400;\">Cookies de Linkedin: ver m\u00e1s informaci\u00f3n en su pol\u00edtica de cookies.<\/span><\/li>\r\n<\/ul>\r\n<p><span style=\"font-weight: 400;\">Las implicaciones de privacidad depender\u00e1n de cada Red Social y de la configuraci\u00f3n de privacidad que haya elegido en ella..<\/span><\/p>\r\n<p><span style=\"font-weight: 400;\">Esta web no utiliza cookies para:<\/span><\/p>\r\n<ul>\r\n<li style=\"font-weight: 400;\" aria-level=\"1\"><span style=\"font-weight: 400;\">Almacenar informaci\u00f3n sensible de identificaci\u00f3n personal como puede ser su direcci\u00f3n, contrase\u00f1a o datos de su tarjeta de cr\u00e9dito.<\/span><\/li>\r\n<li style=\"font-weight: 400;\" aria-level=\"1\"><span style=\"font-weight: 400;\">Compartir o ceder datos de identificaci\u00f3n personal a terceros sin su conocimiento y permiso expreso.<\/span><\/li>\r\n<\/ul>\r\n<p><span style=\"font-weight: 400;\">Esta web siempre requiere su consentimiento para utilizar cookies.<\/span><\/p>\r\n<p><span style=\"font-weight: 400;\">En ning\u00fan caso, ni el responsable de esta web ni los anunciantes pueden obtener informaci\u00f3n personal identificable de estas cookies.<\/span><\/p>\r\n<h3><span style=\"font-weight: 400;\">\u00bfSe pueden eliminar las cookies?<\/span><\/h3>\r\n<p><span style=\"font-weight: 400;\">S\u00ed, y no s\u00f3lo eliminar, tambi\u00e9n se pueden bloquear, de forma general o particular para un dominio espec\u00edfico.<\/span><\/p>\r\n<p><span style=\"font-weight: 400;\">Para eliminar las cookies de un sitio web debe ir a la configuraci\u00f3n de su navegador y all\u00ed podr\u00e1 buscar las cookies asociadas al dominio en cuesti\u00f3n y proceder a su eliminaci\u00f3n.<\/span><\/p>\r\n<p><span style=\"font-weight: 400;\">Tenga en cuenta que tendr\u00e1 que adaptar por separado la configuraci\u00f3n de cada navegador y equipo que utilice.<\/span><\/p>\r\n<p><b>www.asesoriaanaliza.com<\/b><span style=\"font-weight: 400;\"> pone a disposici\u00f3n de los usuarios que quieran impedir la instalaci\u00f3n de las mencionadas cookies, enlaces facilitados al efecto por los navegadores cuyo uso se considera m\u00e1s extendido:<\/span><\/p>\r\n<ul>\r\n<li style=\"font-weight: 400;\" aria-level=\"1\"><a href=\"http:\/\/support.google.com\/chrome\/bin\/answer.py?hl=es-419&amp;answer=95647\"><span style=\"font-weight: 400;\">Google Chrome<\/span><\/a><\/li>\r\n<li style=\"font-weight: 400;\" aria-level=\"1\"><a href=\"http:\/\/windows.microsoft.com\/es-xl\/internet-explorer\/delete-manage-cookies#ie=ie-10\"><span style=\"font-weight: 400;\">Internet Explorer<\/span><\/a><\/li>\r\n<li style=\"font-weight: 400;\" aria-level=\"1\"><a href=\"http:\/\/support.mozilla.org\/es\/kb\/habilitar-y-deshabilitar-cookies-que-los-sitios-we\"><span style=\"font-weight: 400;\">Mozilla Firefox<\/span><\/a><\/li>\r\n<li style=\"font-weight: 400;\" aria-level=\"1\"><a href=\"http:\/\/support.apple.com\/kb\/HT1677?viewlocale=es_ES%20%97%20http:\/\/support.apple.com\/kb\/ph5042\"><span style=\"font-weight: 400;\">Safari<\/span><\/a><\/li>\r\n<\/ul>\r\n<h3><span style=\"font-weight: 400;\">M\u00e1s informaci\u00f3n sobre las cookies<\/span><\/h3>\r\n<p><span style=\"font-weight: 400;\">Puede consultar el reglamento sobre cookies publicado por la Agencia Espa\u00f1ola de Protecci\u00f3n de Datos en su <\/span><a href=\"http:\/\/www.agpd.es\/portalwebAGPD\/canaldocumentacion\/publicaciones\/common\/Guias\/Guia_Cookies.pdf\"><span style=\"font-weight: 400;\">Gu\u00eda sobre el uso de las cookies<\/span><\/a><span style=\"font-weight: 400;\"> y obtener m\u00e1s informaci\u00f3n sobre las cookies en Internet en <\/span><a href=\"http:\/\/www.aboutcookies.org\/\"><span style=\"font-weight: 400;\">aboutcookies.org<\/span><\/a><span style=\"font-weight: 400;\">.<\/span><\/p>\r\n<p><span style=\"font-weight: 400;\">Si deseas tener un mayor control sobre la instalaci\u00f3n de cookies, puedes instalar programas o complementos en tu navegador, conocidos como herramientas de \u201cDo Not Track\u201d, que te permitir\u00e1n escoger aquellas cookies que deseas permitir.<\/span><\/p>\r\n<p>[\/vc_column_text][\/vc_column][\/vc_row]<\/p><\/section>","protected":false},"excerpt":{"rendered":"<p>[vc_row][vc_column][vc_column_text css=&#8221;.vc_custom_1672355580988{padding-top: 30px !important;padding-right: 20px !important;padding-bottom: 100px !important;padding-left: 20px !important;}&#8221;] En esta web recopilamos y&#8230;<\/p>\n","protected":false},"author":1,"featured_media":0,"parent":0,"menu_order":0,"comment_status":"closed","ping_status":"closed","template":"","meta":{"footnotes":""},"class_list":["post-5271","page","type-page","status-publish","hentry"],"yoast_head":"<!-- This site is optimized with the Yoast SEO plugin v27.5 - https:\/\/yoast.com\/product\/yoast-seo-wordpress\/ -->\n<title>Cookies policy - Asesor\u00eda Analiza<\/title>\n<meta name=\"robots\" content=\"index, follow, max-snippet:-1, max-image-preview:large, max-video-preview:-1\" \/>\n<link rel=\"canonical\" href=\"https:\/\/asesoriaanaliza.com\/en\/cookies-policy\/\" \/>\n<meta property=\"og:locale\" content=\"en_US\" \/>\n<meta property=\"og:type\" content=\"article\" \/>\n<meta property=\"og:title\" content=\"Cookies policy - Asesor\u00eda Analiza\" \/>\n<meta property=\"og:description\" content=\"[vc_row][vc_column][vc_column_text css=&#8221;.vc_custom_1672355580988{padding-top: 30px !important;padding-right: 20px !important;padding-bottom: 100px !important;padding-left: 20px !important;}&#8221;] En esta web recopilamos y...\" \/>\n<meta property=\"og:url\" content=\"https:\/\/asesoriaanaliza.com\/en\/cookies-policy\/\" \/>\n<meta property=\"og:site_name\" content=\"Asesor\u00eda Analiza\" \/>\n<meta property=\"article:publisher\" content=\"https:\/\/www.facebook.com\/people\/Analiza-Consultora-Pymes\/100063744690430\/\" \/>\n<meta property=\"article:modified_time\" content=\"2022-12-29T23:21:16+00:00\" \/>\n<meta name=\"twitter:card\" content=\"summary_large_image\" \/>\n<meta name=\"twitter:label1\" content=\"Est. reading time\" \/>\n\t<meta name=\"twitter:data1\" content=\"6 minutes\" \/>\n<script type=\"application\/ld+json\" class=\"yoast-schema-graph\">{\"@context\":\"https:\\\/\\\/schema.org\",\"@graph\":[{\"@type\":\"WebPage\",\"@id\":\"https:\\\/\\\/asesoriaanaliza.com\\\/en\\\/cookies-policy\\\/\",\"url\":\"https:\\\/\\\/asesoriaanaliza.com\\\/en\\\/cookies-policy\\\/\",\"name\":\"Cookies policy - Asesor\u00eda Analiza\",\"isPartOf\":{\"@id\":\"https:\\\/\\\/asesoriaanaliza.com\\\/en\\\/#website\"},\"datePublished\":\"2022-12-14T22:24:42+00:00\",\"dateModified\":\"2022-12-29T23:21:16+00:00\",\"breadcrumb\":{\"@id\":\"https:\\\/\\\/asesoriaanaliza.com\\\/en\\\/cookies-policy\\\/#breadcrumb\"},\"inLanguage\":\"en-US\",\"potentialAction\":[{\"@type\":\"ReadAction\",\"target\":[\"https:\\\/\\\/asesoriaanaliza.com\\\/en\\\/cookies-policy\\\/\"]}]},{\"@type\":\"BreadcrumbList\",\"@id\":\"https:\\\/\\\/asesoriaanaliza.com\\\/en\\\/cookies-policy\\\/#breadcrumb\",\"itemListElement\":[{\"@type\":\"ListItem\",\"position\":1,\"name\":\"Portada\",\"item\":\"https:\\\/\\\/asesoriaanaliza.com\\\/en\\\/\"},{\"@type\":\"ListItem\",\"position\":2,\"name\":\"Cookies policy\"}]},{\"@type\":\"WebSite\",\"@id\":\"https:\\\/\\\/asesoriaanaliza.com\\\/en\\\/#website\",\"url\":\"https:\\\/\\\/asesoriaanaliza.com\\\/en\\\/\",\"name\":\"Asesor\u00eda Analiza\",\"description\":\"Asesor\u00eda para pymes\",\"publisher\":{\"@id\":\"https:\\\/\\\/asesoriaanaliza.com\\\/en\\\/#organization\"},\"potentialAction\":[{\"@type\":\"SearchAction\",\"target\":{\"@type\":\"EntryPoint\",\"urlTemplate\":\"https:\\\/\\\/asesoriaanaliza.com\\\/en\\\/?s={search_term_string}\"},\"query-input\":{\"@type\":\"PropertyValueSpecification\",\"valueRequired\":true,\"valueName\":\"search_term_string\"}}],\"inLanguage\":\"en-US\"},{\"@type\":\"Organization\",\"@id\":\"https:\\\/\\\/asesoriaanaliza.com\\\/en\\\/#organization\",\"name\":\"Asesor\u00eda Analiza\",\"url\":\"https:\\\/\\\/asesoriaanaliza.com\\\/en\\\/\",\"logo\":{\"@type\":\"ImageObject\",\"inLanguage\":\"en-US\",\"@id\":\"https:\\\/\\\/asesoriaanaliza.com\\\/en\\\/#\\\/schema\\\/logo\\\/image\\\/\",\"url\":\"https:\\\/\\\/s285250156.mialojamiento.es\\\/wp-content\\\/uploads\\\/2022\\\/12\\\/ANALIZA-logo-black.png\",\"contentUrl\":\"https:\\\/\\\/s285250156.mialojamiento.es\\\/wp-content\\\/uploads\\\/2022\\\/12\\\/ANALIZA-logo-black.png\",\"width\":689,\"height\":205,\"caption\":\"Asesor\u00eda Analiza\"},\"image\":{\"@id\":\"https:\\\/\\\/asesoriaanaliza.com\\\/en\\\/#\\\/schema\\\/logo\\\/image\\\/\"},\"sameAs\":[\"https:\\\/\\\/www.facebook.com\\\/people\\\/Analiza-Consultora-Pymes\\\/100063744690430\\\/\",\"https:\\\/\\\/www.linkedin.com\\\/in\\\/carlos-sarto-6552034b\\\/\"]}]}<\/script>\n<!-- \/ Yoast SEO plugin. -->","yoast_head_json":{"title":"Cookies policy - Asesor\u00eda Analiza","robots":{"index":"index","follow":"follow","max-snippet":"max-snippet:-1","max-image-preview":"max-image-preview:large","max-video-preview":"max-video-preview:-1"},"canonical":"https:\/\/asesoriaanaliza.com\/en\/cookies-policy\/","og_locale":"en_US","og_type":"article","og_title":"Cookies policy - Asesor\u00eda Analiza","og_description":"[vc_row][vc_column][vc_column_text css=&#8221;.vc_custom_1672355580988{padding-top: 30px !important;padding-right: 20px !important;padding-bottom: 100px !important;padding-left: 20px !important;}&#8221;] En esta web recopilamos y...","og_url":"https:\/\/asesoriaanaliza.com\/en\/cookies-policy\/","og_site_name":"Asesor\u00eda Analiza","article_publisher":"https:\/\/www.facebook.com\/people\/Analiza-Consultora-Pymes\/100063744690430\/","article_modified_time":"2022-12-29T23:21:16+00:00","twitter_card":"summary_large_image","twitter_misc":{"Est. reading time":"6 minutes"},"schema":{"@context":"https:\/\/schema.org","@graph":[{"@type":"WebPage","@id":"https:\/\/asesoriaanaliza.com\/en\/cookies-policy\/","url":"https:\/\/asesoriaanaliza.com\/en\/cookies-policy\/","name":"Cookies policy - Asesor\u00eda Analiza","isPartOf":{"@id":"https:\/\/asesoriaanaliza.com\/en\/#website"},"datePublished":"2022-12-14T22:24:42+00:00","dateModified":"2022-12-29T23:21:16+00:00","breadcrumb":{"@id":"https:\/\/asesoriaanaliza.com\/en\/cookies-policy\/#breadcrumb"},"inLanguage":"en-US","potentialAction":[{"@type":"ReadAction","target":["https:\/\/asesoriaanaliza.com\/en\/cookies-policy\/"]}]},{"@type":"BreadcrumbList","@id":"https:\/\/asesoriaanaliza.com\/en\/cookies-policy\/#breadcrumb","itemListElement":[{"@type":"ListItem","position":1,"name":"Portada","item":"https:\/\/asesoriaanaliza.com\/en\/"},{"@type":"ListItem","position":2,"name":"Cookies policy"}]},{"@type":"WebSite","@id":"https:\/\/asesoriaanaliza.com\/en\/#website","url":"https:\/\/asesoriaanaliza.com\/en\/","name":"Asesor\u00eda Analiza","description":"Asesor\u00eda para pymes","publisher":{"@id":"https:\/\/asesoriaanaliza.com\/en\/#organization"},"potentialAction":[{"@type":"SearchAction","target":{"@type":"EntryPoint","urlTemplate":"https:\/\/asesoriaanaliza.com\/en\/?s={search_term_string}"},"query-input":{"@type":"PropertyValueSpecification","valueRequired":true,"valueName":"search_term_string"}}],"inLanguage":"en-US"},{"@type":"Organization","@id":"https:\/\/asesoriaanaliza.com\/en\/#organization","name":"Asesor\u00eda Analiza","url":"https:\/\/asesoriaanaliza.com\/en\/","logo":{"@type":"ImageObject","inLanguage":"en-US","@id":"https:\/\/asesoriaanaliza.com\/en\/#\/schema\/logo\/image\/","url":"https:\/\/s285250156.mialojamiento.es\/wp-content\/uploads\/2022\/12\/ANALIZA-logo-black.png","contentUrl":"https:\/\/s285250156.mialojamiento.es\/wp-content\/uploads\/2022\/12\/ANALIZA-logo-black.png","width":689,"height":205,"caption":"Asesor\u00eda Analiza"},"image":{"@id":"https:\/\/asesoriaanaliza.com\/en\/#\/schema\/logo\/image\/"},"sameAs":["https:\/\/www.facebook.com\/people\/Analiza-Consultora-Pymes\/100063744690430\/","https:\/\/www.linkedin.com\/in\/carlos-sarto-6552034b\/"]}]}},"_links":{"self":[{"href":"https:\/\/asesoriaanaliza.com\/en\/wp-json\/wp\/v2\/pages\/5271","targetHints":{"allow":["GET"]}}],"collection":[{"href":"https:\/\/asesoriaanaliza.com\/en\/wp-json\/wp\/v2\/pages"}],"about":[{"href":"https:\/\/asesoriaanaliza.com\/en\/wp-json\/wp\/v2\/types\/page"}],"author":[{"embeddable":true,"href":"https:\/\/asesoriaanaliza.com\/en\/wp-json\/wp\/v2\/users\/1"}],"replies":[{"embeddable":true,"href":"https:\/\/asesoriaanaliza.com\/en\/wp-json\/wp\/v2\/comments?post=5271"}],"version-history":[{"count":6,"href":"https:\/\/asesoriaanaliza.com\/en\/wp-json\/wp\/v2\/pages\/5271\/revisions"}],"predecessor-version":[{"id":5535,"href":"https:\/\/asesoriaanaliza.com\/en\/wp-json\/wp\/v2\/pages\/5271\/revisions\/5535"}],"wp:attachment":[{"href":"https:\/\/asesoriaanaliza.com\/en\/wp-json\/wp\/v2\/media?parent=5271"}],"curies":[{"name":"wp","href":"https:\/\/api.w.org\/{rel}","templated":true}]}}