{"id":5234,"date":"2022-12-04T23:47:52","date_gmt":"2022-12-04T23:47:52","guid":{"rendered":"https:\/\/s285250156.mialojamiento.es\/rehabilitacion-de-nif\/"},"modified":"2022-12-29T11:31:43","modified_gmt":"2022-12-29T11:31:43","slug":"rehabilitacio-del-nif","status":"publish","type":"page","link":"https:\/\/asesoriaanaliza.com\/ca\/rehabilitacio-del-nif\/","title":{"rendered":"Rehabilitaci\u00f3 del NIF"},"content":{"rendered":"<section class=\"wpb-content-wrapper\"><p>[vc_row gap=&#8221;0&#8243; parallax=&#8221;enable_parallax&#8221; enable_overlay=&#8221;yes&#8221; css=&#8221;.vc_custom_1672313492888{margin-top: -35px !important;padding-top: 160px !important;padding-right: 10px !important;padding-bottom: 40px !important;padding-left: 10px !important;background: #dddddd url(https:\/\/asesoriaanaliza.com\/wp-content\/uploads\/2022\/12\/fondo-analiza-NIF-cabecera.jpg?id=5413);background-position: center;background-repeat: no-repeat !important;background-size: cover !important;}&#8221; responsive_css=&#8221;padding_top_large:240px|padding_right_large:40px|padding_left_large:10px&#8221; overlay_bg=&#8221;rgba(0, 0, 0, 0.19)&#8221;][vc_column]<style>.ld_section_title_69fb4281d4f90 h2{font-size:26px;font-weight:200;color:rgb(148, 169, 255);margin-top:5px !important;;margin-bottom:0px !important;;}.ld_section_title_69fb4281d4f90 h6{font-size:48px;line-height:1;font-weight:600;color:rgb(255, 255, 255);margin-bottom:12px !important;;}<\/style><header class=\"fancy-title ld_section_title_69fb4281d4f90 vc_custom_1672157883422\">\n\t<h2>Rehabilitaci\u00f3 del NIF<\/h2>\t<h6 class=\"\">Recupera el teu N\u00famero d'Identificaci\u00f3 Fiscal<\/h6>\t<\/header>[\/vc_column][\/vc_row][vc_row css=&#8221;.vc_custom_1670164266348{padding-top: 40px !important;padding-right: 20px !important;padding-bottom: 40px !important;padding-left: 20px !important;}&#8221;][vc_column css=&#8221;.vc_custom_1670158121858{padding-bottom: 50px !important;}&#8221;][vc_row_inner][vc_column_inner width=&#8221;1\/2&#8243;][vc_column_text]L&#8217;AEAT es troba realitzant una \u201cdepuraci\u00f3 dels censos\u201d, de manera que nom\u00e9s aquelles societats que realment intervinguin en el m\u00f3n comercial o econ\u00f2mic mantinguin la seva plena vida juridicofiscal, ja que ent\u00e9n que sovint aquestes societats han estat simplement abandonades pels seus administradors i socis sense fer els actes jur\u00eddics que l&#8217;ordenament preveu per als casos de terminaci\u00f3, extinci\u00f3 i dissoluci\u00f3 de la persona jur\u00eddica i poden donar lloc a defraudacions utilitzant, d&#8217;una manera o altra, aquestes societats aparentment inactives.[\/vc_column_text][\/vc_column_inner][vc_column_inner width=&#8221;1\/2&#8243;][\/vc_column_inner][\/vc_row_inner][\/vc_column][\/vc_row][vc_row gap=&#8221;35&#8243; css=&#8221;.vc_custom_1670192790209{padding-top: 50px !important;padding-right: 20px !important;padding-bottom: 50px !important;padding-left: 20px !important;background-color: #d2e0df !important;}&#8221; responsive_css=&#8221;padding_top_large:60px|padding_bottom_large:60px&#8221;][vc_column width=&#8221;1\/2&#8243; css=&#8221;.vc_custom_1670158121858{padding-bottom: 50px !important;}&#8221;][vc_column_text css=&#8221;.vc_custom_1672157923300{padding-right: 20px !important;padding-left: 140px !important;}&#8221;]<\/p>\n<h3 style=\"text-align: right;\">Quines conseq\u00fc\u00e8ncies t\u00e9 la revocaci\u00f3 del NIF?<\/h3>\n<p>[\/vc_column_text][\/vc_column][vc_column width=&#8221;1\/2&#8243;][vc_column_text]La publicaci\u00f3 de la revocaci\u00f3 del NIF assignat al Butllet\u00ed Oficial de l&#8217;Estat determinar\u00e0 la p\u00e8rdua de validesa a efectes identificatius del dit n\u00famero en l&#8217;\u00e0mbit fiscal, amb tot el que aix\u00f2 implica.<br \/>\nL&#8217;apartat 4 de la disposici\u00f3 addicional sisena de la Llei 58\/2003, General Tribut\u00e0ria (LGT) detalla els principals efectes de la revocaci\u00f3 del NIF, que podem resumir a:<br \/>\n\u00b7 Tancament del Full Registral, no podent realitzar inscripcions al registre p\u00fablic corresponent.<br \/>\n\u00b7 No podr\u00e0 realitzar c\u00e0rrecs i abonaments en comptes o dip\u00f2sits oberts a entitats de cr\u00e8dit.<br \/>\n\u00b7 No podr\u00e0 obtenir el certificat de trobar-se al corrent de pagament de les obligacions tribut\u00e0ries.<br \/>\n\u00b7 Causar\u00e0 baixa al Registre d&#8217;operadors intracomunitaris (ROI), exportadors i altres operadors econ\u00f2mics.[\/vc_column_text][\/vc_column][\/vc_row]<\/p>\n<\/section>","protected":false},"excerpt":{"rendered":"<p>[vc_row gap=&#8221;0&#8243; parallax=&#8221;enable_parallax&#8221; enable_overlay=&#8221;yes&#8221; css=&#8221;.vc_custom_1672313492888{margin-top: -35px !important;padding-top: 160px !important;padding-right: 10px !important;padding-bottom: 40px !important;padding-left: 10px !important;background:&#8230;<\/p>\n","protected":false},"author":1,"featured_media":0,"parent":0,"menu_order":0,"comment_status":"closed","ping_status":"closed","template":"","meta":{"footnotes":""},"class_list":["post-5234","page","type-page","status-publish","hentry"],"yoast_head":"<!-- This site is optimized with the Yoast SEO plugin v27.5 - https:\/\/yoast.com\/product\/yoast-seo-wordpress\/ -->\n<title>Rehabilitaci\u00f3 del NIF - Asesor\u00eda Analiza<\/title>\n<meta name=\"robots\" content=\"index, follow, max-snippet:-1, max-image-preview:large, max-video-preview:-1\" \/>\n<link rel=\"canonical\" href=\"https:\/\/asesoriaanaliza.com\/ca\/rehabilitacio-del-nif\/\" \/>\n<meta property=\"og:locale\" content=\"ca_ES\" \/>\n<meta property=\"og:type\" content=\"article\" \/>\n<meta property=\"og:title\" content=\"Rehabilitaci\u00f3 del NIF - Asesor\u00eda Analiza\" \/>\n<meta property=\"og:description\" content=\"[vc_row gap=&#8221;0&#8243; parallax=&#8221;enable_parallax&#8221; enable_overlay=&#8221;yes&#8221; css=&#8221;.vc_custom_1672313492888{margin-top: -35px !important;padding-top: 160px !important;padding-right: 10px !important;padding-bottom: 40px !important;padding-left: 10px !important;background:...\" \/>\n<meta property=\"og:url\" content=\"https:\/\/asesoriaanaliza.com\/ca\/rehabilitacio-del-nif\/\" \/>\n<meta property=\"og:site_name\" content=\"Asesor\u00eda Analiza\" \/>\n<meta property=\"article:publisher\" content=\"https:\/\/www.facebook.com\/people\/Analiza-Consultora-Pymes\/100063744690430\/\" \/>\n<meta property=\"article:modified_time\" content=\"2022-12-29T11:31:43+00:00\" \/>\n<meta name=\"twitter:card\" content=\"summary_large_image\" \/>\n<meta name=\"twitter:label1\" content=\"Temps estimat de lectura\" \/>\n\t<meta name=\"twitter:data1\" content=\"2 minuts\" \/>\n<script type=\"application\/ld+json\" class=\"yoast-schema-graph\">{\"@context\":\"https:\\\/\\\/schema.org\",\"@graph\":[{\"@type\":\"WebPage\",\"@id\":\"https:\\\/\\\/asesoriaanaliza.com\\\/ca\\\/rehabilitacio-del-nif\\\/\",\"url\":\"https:\\\/\\\/asesoriaanaliza.com\\\/ca\\\/rehabilitacio-del-nif\\\/\",\"name\":\"Rehabilitaci\u00f3 del NIF - Asesor\u00eda Analiza\",\"isPartOf\":{\"@id\":\"https:\\\/\\\/asesoriaanaliza.com\\\/ca\\\/#website\"},\"datePublished\":\"2022-12-04T23:47:52+00:00\",\"dateModified\":\"2022-12-29T11:31:43+00:00\",\"breadcrumb\":{\"@id\":\"https:\\\/\\\/asesoriaanaliza.com\\\/ca\\\/rehabilitacio-del-nif\\\/#breadcrumb\"},\"inLanguage\":\"ca\",\"potentialAction\":[{\"@type\":\"ReadAction\",\"target\":[\"https:\\\/\\\/asesoriaanaliza.com\\\/ca\\\/rehabilitacio-del-nif\\\/\"]}]},{\"@type\":\"BreadcrumbList\",\"@id\":\"https:\\\/\\\/asesoriaanaliza.com\\\/ca\\\/rehabilitacio-del-nif\\\/#breadcrumb\",\"itemListElement\":[{\"@type\":\"ListItem\",\"position\":1,\"name\":\"Portada\",\"item\":\"https:\\\/\\\/asesoriaanaliza.com\\\/ca\\\/\"},{\"@type\":\"ListItem\",\"position\":2,\"name\":\"Rehabilitaci\u00f3 del NIF\"}]},{\"@type\":\"WebSite\",\"@id\":\"https:\\\/\\\/asesoriaanaliza.com\\\/ca\\\/#website\",\"url\":\"https:\\\/\\\/asesoriaanaliza.com\\\/ca\\\/\",\"name\":\"Asesor\u00eda Analiza\",\"description\":\"Asesor\u00eda para pymes\",\"publisher\":{\"@id\":\"https:\\\/\\\/asesoriaanaliza.com\\\/ca\\\/#organization\"},\"potentialAction\":[{\"@type\":\"SearchAction\",\"target\":{\"@type\":\"EntryPoint\",\"urlTemplate\":\"https:\\\/\\\/asesoriaanaliza.com\\\/ca\\\/?s={search_term_string}\"},\"query-input\":{\"@type\":\"PropertyValueSpecification\",\"valueRequired\":true,\"valueName\":\"search_term_string\"}}],\"inLanguage\":\"ca\"},{\"@type\":\"Organization\",\"@id\":\"https:\\\/\\\/asesoriaanaliza.com\\\/ca\\\/#organization\",\"name\":\"Asesor\u00eda Analiza\",\"url\":\"https:\\\/\\\/asesoriaanaliza.com\\\/ca\\\/\",\"logo\":{\"@type\":\"ImageObject\",\"inLanguage\":\"ca\",\"@id\":\"https:\\\/\\\/asesoriaanaliza.com\\\/ca\\\/#\\\/schema\\\/logo\\\/image\\\/\",\"url\":\"https:\\\/\\\/s285250156.mialojamiento.es\\\/wp-content\\\/uploads\\\/2022\\\/12\\\/ANALIZA-logo-black.png\",\"contentUrl\":\"https:\\\/\\\/s285250156.mialojamiento.es\\\/wp-content\\\/uploads\\\/2022\\\/12\\\/ANALIZA-logo-black.png\",\"width\":689,\"height\":205,\"caption\":\"Asesor\u00eda Analiza\"},\"image\":{\"@id\":\"https:\\\/\\\/asesoriaanaliza.com\\\/ca\\\/#\\\/schema\\\/logo\\\/image\\\/\"},\"sameAs\":[\"https:\\\/\\\/www.facebook.com\\\/people\\\/Analiza-Consultora-Pymes\\\/100063744690430\\\/\",\"https:\\\/\\\/www.linkedin.com\\\/in\\\/carlos-sarto-6552034b\\\/\"]}]}<\/script>\n<!-- \/ Yoast SEO plugin. -->","yoast_head_json":{"title":"Rehabilitaci\u00f3 del NIF - Asesor\u00eda Analiza","robots":{"index":"index","follow":"follow","max-snippet":"max-snippet:-1","max-image-preview":"max-image-preview:large","max-video-preview":"max-video-preview:-1"},"canonical":"https:\/\/asesoriaanaliza.com\/ca\/rehabilitacio-del-nif\/","og_locale":"ca_ES","og_type":"article","og_title":"Rehabilitaci\u00f3 del NIF - Asesor\u00eda Analiza","og_description":"[vc_row gap=&#8221;0&#8243; parallax=&#8221;enable_parallax&#8221; enable_overlay=&#8221;yes&#8221; css=&#8221;.vc_custom_1672313492888{margin-top: -35px !important;padding-top: 160px !important;padding-right: 10px !important;padding-bottom: 40px !important;padding-left: 10px !important;background:...","og_url":"https:\/\/asesoriaanaliza.com\/ca\/rehabilitacio-del-nif\/","og_site_name":"Asesor\u00eda Analiza","article_publisher":"https:\/\/www.facebook.com\/people\/Analiza-Consultora-Pymes\/100063744690430\/","article_modified_time":"2022-12-29T11:31:43+00:00","twitter_card":"summary_large_image","twitter_misc":{"Temps estimat de lectura":"2 minuts"},"schema":{"@context":"https:\/\/schema.org","@graph":[{"@type":"WebPage","@id":"https:\/\/asesoriaanaliza.com\/ca\/rehabilitacio-del-nif\/","url":"https:\/\/asesoriaanaliza.com\/ca\/rehabilitacio-del-nif\/","name":"Rehabilitaci\u00f3 del NIF - Asesor\u00eda Analiza","isPartOf":{"@id":"https:\/\/asesoriaanaliza.com\/ca\/#website"},"datePublished":"2022-12-04T23:47:52+00:00","dateModified":"2022-12-29T11:31:43+00:00","breadcrumb":{"@id":"https:\/\/asesoriaanaliza.com\/ca\/rehabilitacio-del-nif\/#breadcrumb"},"inLanguage":"ca","potentialAction":[{"@type":"ReadAction","target":["https:\/\/asesoriaanaliza.com\/ca\/rehabilitacio-del-nif\/"]}]},{"@type":"BreadcrumbList","@id":"https:\/\/asesoriaanaliza.com\/ca\/rehabilitacio-del-nif\/#breadcrumb","itemListElement":[{"@type":"ListItem","position":1,"name":"Portada","item":"https:\/\/asesoriaanaliza.com\/ca\/"},{"@type":"ListItem","position":2,"name":"Rehabilitaci\u00f3 del NIF"}]},{"@type":"WebSite","@id":"https:\/\/asesoriaanaliza.com\/ca\/#website","url":"https:\/\/asesoriaanaliza.com\/ca\/","name":"Asesor\u00eda Analiza","description":"Asesor\u00eda para pymes","publisher":{"@id":"https:\/\/asesoriaanaliza.com\/ca\/#organization"},"potentialAction":[{"@type":"SearchAction","target":{"@type":"EntryPoint","urlTemplate":"https:\/\/asesoriaanaliza.com\/ca\/?s={search_term_string}"},"query-input":{"@type":"PropertyValueSpecification","valueRequired":true,"valueName":"search_term_string"}}],"inLanguage":"ca"},{"@type":"Organization","@id":"https:\/\/asesoriaanaliza.com\/ca\/#organization","name":"Asesor\u00eda Analiza","url":"https:\/\/asesoriaanaliza.com\/ca\/","logo":{"@type":"ImageObject","inLanguage":"ca","@id":"https:\/\/asesoriaanaliza.com\/ca\/#\/schema\/logo\/image\/","url":"https:\/\/s285250156.mialojamiento.es\/wp-content\/uploads\/2022\/12\/ANALIZA-logo-black.png","contentUrl":"https:\/\/s285250156.mialojamiento.es\/wp-content\/uploads\/2022\/12\/ANALIZA-logo-black.png","width":689,"height":205,"caption":"Asesor\u00eda Analiza"},"image":{"@id":"https:\/\/asesoriaanaliza.com\/ca\/#\/schema\/logo\/image\/"},"sameAs":["https:\/\/www.facebook.com\/people\/Analiza-Consultora-Pymes\/100063744690430\/","https:\/\/www.linkedin.com\/in\/carlos-sarto-6552034b\/"]}]}},"_links":{"self":[{"href":"https:\/\/asesoriaanaliza.com\/ca\/wp-json\/wp\/v2\/pages\/5234","targetHints":{"allow":["GET"]}}],"collection":[{"href":"https:\/\/asesoriaanaliza.com\/ca\/wp-json\/wp\/v2\/pages"}],"about":[{"href":"https:\/\/asesoriaanaliza.com\/ca\/wp-json\/wp\/v2\/types\/page"}],"author":[{"embeddable":true,"href":"https:\/\/asesoriaanaliza.com\/ca\/wp-json\/wp\/v2\/users\/1"}],"replies":[{"embeddable":true,"href":"https:\/\/asesoriaanaliza.com\/ca\/wp-json\/wp\/v2\/comments?post=5234"}],"version-history":[{"count":6,"href":"https:\/\/asesoriaanaliza.com\/ca\/wp-json\/wp\/v2\/pages\/5234\/revisions"}],"predecessor-version":[{"id":5446,"href":"https:\/\/asesoriaanaliza.com\/ca\/wp-json\/wp\/v2\/pages\/5234\/revisions\/5446"}],"wp:attachment":[{"href":"https:\/\/asesoriaanaliza.com\/ca\/wp-json\/wp\/v2\/media?parent=5234"}],"curies":[{"name":"wp","href":"https:\/\/api.w.org\/{rel}","templated":true}]}}