{"id":5217,"date":"2022-12-04T23:40:56","date_gmt":"2022-12-04T23:40:56","guid":{"rendered":"https:\/\/s285250156.mialojamiento.es\/analiza-sport\/"},"modified":"2026-03-11T13:19:36","modified_gmt":"2026-03-11T13:19:36","slug":"analiza-sport","status":"publish","type":"page","link":"https:\/\/asesoriaanaliza.com\/ca\/analiza-sport\/","title":{"rendered":"Analiza Sport"},"content":{"rendered":"<section class=\"wpb-content-wrapper\"><p>[vc_row gap=&#8221;0&#8243; parallax=&#8221;enable_parallax&#8221; enable_overlay=&#8221;yes&#8221; css=&#8221;.vc_custom_1672310807040{margin-top: -35px !important;padding-top: 160px !important;padding-right: 10px !important;padding-bottom: 40px !important;padding-left: 10px !important;background: #dddddd url(https:\/\/asesoriaanaliza.com\/wp-content\/uploads\/2022\/12\/fondo-analiza-sport-cabecera.jpg?id=5415);background-position:center;background-repeat:-repeat;background-size: cover !important;}&#8221; responsive_css=&#8221;padding_top_large:240px|padding_right_large:40px|padding_left_large:10px&#8221; overlay_bg=&#8221;rgba(0, 0, 0, 0.19)&#8221;][vc_column]<style>.ld_section_title_69fea22192bc1 h2{font-size:26px;font-weight:200;color:rgb(148, 169, 255);margin-top:5px !important;;margin-bottom:0px !important;;}.ld_section_title_69fea22192bc1 h6{font-size:48px;line-height:1;font-weight:600;color:rgb(255, 255, 255);margin-bottom:12px !important;;}<\/style><header class=\"fancy-title ld_section_title_69fea22192bc1 vc_custom_1773235136644\">\n\t<h2>Analiza Sport<\/h2>\t<h6 class=\"\">Assessorament i professionalitzaci\u00f3 d'entitats esportives<\/h6>\t<\/header>[\/vc_column][\/vc_row][vc_row css=&#8221;.vc_custom_1670164266348{padding-top: 40px !important;padding-right: 20px !important;padding-bottom: 40px !important;padding-left: 20px !important;}&#8221;][vc_column css=&#8221;.vc_custom_1670158121858{padding-bottom: 50px !important;}&#8221;][vc_row_inner][vc_column_inner width=&#8221;1\/2&#8243;][vc_column_text]<\/p>\n<p data-path-to-node=\"2\">Actualment, moltes entitats esportives es continuen gestionant com fa vint anys i aix\u00f2 en limita el creixement, la sostenibilitat i els resultats.<\/p>\n<p data-path-to-node=\"3\">Per aix\u00f2 va n\u00e9ixer Analiza Sport: una consultoria especialitzada en la professionalitzaci\u00f3 de les entitats esportives. Analitzem la vostra estructura, dissenyem una estrat\u00e8gia clara i us acompanyem en la gesti\u00f3, la comunicaci\u00f3 i la digitalitzaci\u00f3. Treballem amb clubs, acad\u00e8mies i federacions que volen fer un salt de nivell.<\/p>\n<p data-path-to-node=\"4\">Apliquem una metodologia esportiva pr\u00f2pia i contrastada per millorar l&#8217;organitzaci\u00f3 i la gesti\u00f3 de clubs i entitats esportives. Analitzem la situaci\u00f3 real de cada entitat i proposem solucions pr\u00e0ctiques i adaptades a les seves necessitats. Revisem i actualitzem la vostra documentaci\u00f3, l&#8217;ordenem i l&#8217;alineem amb els est\u00e0ndards actuals del sector, garantint que sigui clara, \u00fatil i accessible per a tots els associats.&#8221;<\/p>\n<p>[\/vc_column_text][\/vc_column_inner][vc_column_inner width=&#8221;1\/2&#8243;][vc_column_text]<\/p>\n<h2>Analitza el teu present i construeix el futur de la teva entitat amb Analiza Sport.<\/h2>\n<p>[\/vc_column_text][\/vc_column_inner][\/vc_row_inner][\/vc_column][\/vc_row]<\/p>\n<\/section>","protected":false},"excerpt":{"rendered":"<p>[vc_row gap=&#8221;0&#8243; parallax=&#8221;enable_parallax&#8221; enable_overlay=&#8221;yes&#8221; css=&#8221;.vc_custom_1672310807040{margin-top: -35px !important;padding-top: 160px !important;padding-right: 10px !important;padding-bottom: 40px !important;padding-left: 10px !important;background:&#8230;<\/p>\n","protected":false},"author":1,"featured_media":0,"parent":0,"menu_order":0,"comment_status":"closed","ping_status":"closed","template":"","meta":{"footnotes":""},"class_list":["post-5217","page","type-page","status-publish","hentry"],"yoast_head":"<!-- This site is optimized with the Yoast SEO plugin v27.5 - https:\/\/yoast.com\/product\/yoast-seo-wordpress\/ -->\n<title>Analiza Sport - Asesor\u00eda Analiza<\/title>\n<meta name=\"robots\" content=\"index, follow, max-snippet:-1, max-image-preview:large, max-video-preview:-1\" \/>\n<link rel=\"canonical\" href=\"https:\/\/asesoriaanaliza.com\/ca\/analiza-sport\/\" \/>\n<meta property=\"og:locale\" content=\"ca_ES\" \/>\n<meta property=\"og:type\" content=\"article\" \/>\n<meta property=\"og:title\" content=\"Analiza Sport - Asesor\u00eda Analiza\" \/>\n<meta property=\"og:description\" content=\"[vc_row gap=&#8221;0&#8243; parallax=&#8221;enable_parallax&#8221; enable_overlay=&#8221;yes&#8221; css=&#8221;.vc_custom_1672310807040{margin-top: -35px !important;padding-top: 160px !important;padding-right: 10px !important;padding-bottom: 40px !important;padding-left: 10px !important;background:...\" \/>\n<meta property=\"og:url\" content=\"https:\/\/asesoriaanaliza.com\/ca\/analiza-sport\/\" \/>\n<meta property=\"og:site_name\" content=\"Asesor\u00eda Analiza\" \/>\n<meta property=\"article:publisher\" content=\"https:\/\/www.facebook.com\/people\/Analiza-Consultora-Pymes\/100063744690430\/\" \/>\n<meta property=\"article:modified_time\" content=\"2026-03-11T13:19:36+00:00\" \/>\n<meta name=\"twitter:card\" content=\"summary_large_image\" \/>\n<meta name=\"twitter:label1\" content=\"Temps estimat de lectura\" \/>\n\t<meta name=\"twitter:data1\" content=\"2 minuts\" \/>\n<script type=\"application\/ld+json\" class=\"yoast-schema-graph\">{\"@context\":\"https:\\\/\\\/schema.org\",\"@graph\":[{\"@type\":\"WebPage\",\"@id\":\"https:\\\/\\\/asesoriaanaliza.com\\\/ca\\\/analiza-sport\\\/\",\"url\":\"https:\\\/\\\/asesoriaanaliza.com\\\/ca\\\/analiza-sport\\\/\",\"name\":\"Analiza Sport - Asesor\u00eda Analiza\",\"isPartOf\":{\"@id\":\"https:\\\/\\\/asesoriaanaliza.com\\\/ca\\\/#website\"},\"datePublished\":\"2022-12-04T23:40:56+00:00\",\"dateModified\":\"2026-03-11T13:19:36+00:00\",\"breadcrumb\":{\"@id\":\"https:\\\/\\\/asesoriaanaliza.com\\\/ca\\\/analiza-sport\\\/#breadcrumb\"},\"inLanguage\":\"ca\",\"potentialAction\":[{\"@type\":\"ReadAction\",\"target\":[\"https:\\\/\\\/asesoriaanaliza.com\\\/ca\\\/analiza-sport\\\/\"]}]},{\"@type\":\"BreadcrumbList\",\"@id\":\"https:\\\/\\\/asesoriaanaliza.com\\\/ca\\\/analiza-sport\\\/#breadcrumb\",\"itemListElement\":[{\"@type\":\"ListItem\",\"position\":1,\"name\":\"Portada\",\"item\":\"https:\\\/\\\/asesoriaanaliza.com\\\/ca\\\/\"},{\"@type\":\"ListItem\",\"position\":2,\"name\":\"Analiza Sport\"}]},{\"@type\":\"WebSite\",\"@id\":\"https:\\\/\\\/asesoriaanaliza.com\\\/ca\\\/#website\",\"url\":\"https:\\\/\\\/asesoriaanaliza.com\\\/ca\\\/\",\"name\":\"Asesor\u00eda Analiza\",\"description\":\"Asesor\u00eda para pymes\",\"publisher\":{\"@id\":\"https:\\\/\\\/asesoriaanaliza.com\\\/ca\\\/#organization\"},\"potentialAction\":[{\"@type\":\"SearchAction\",\"target\":{\"@type\":\"EntryPoint\",\"urlTemplate\":\"https:\\\/\\\/asesoriaanaliza.com\\\/ca\\\/?s={search_term_string}\"},\"query-input\":{\"@type\":\"PropertyValueSpecification\",\"valueRequired\":true,\"valueName\":\"search_term_string\"}}],\"inLanguage\":\"ca\"},{\"@type\":\"Organization\",\"@id\":\"https:\\\/\\\/asesoriaanaliza.com\\\/ca\\\/#organization\",\"name\":\"Asesor\u00eda Analiza\",\"url\":\"https:\\\/\\\/asesoriaanaliza.com\\\/ca\\\/\",\"logo\":{\"@type\":\"ImageObject\",\"inLanguage\":\"ca\",\"@id\":\"https:\\\/\\\/asesoriaanaliza.com\\\/ca\\\/#\\\/schema\\\/logo\\\/image\\\/\",\"url\":\"https:\\\/\\\/s285250156.mialojamiento.es\\\/wp-content\\\/uploads\\\/2022\\\/12\\\/ANALIZA-logo-black.png\",\"contentUrl\":\"https:\\\/\\\/s285250156.mialojamiento.es\\\/wp-content\\\/uploads\\\/2022\\\/12\\\/ANALIZA-logo-black.png\",\"width\":689,\"height\":205,\"caption\":\"Asesor\u00eda Analiza\"},\"image\":{\"@id\":\"https:\\\/\\\/asesoriaanaliza.com\\\/ca\\\/#\\\/schema\\\/logo\\\/image\\\/\"},\"sameAs\":[\"https:\\\/\\\/www.facebook.com\\\/people\\\/Analiza-Consultora-Pymes\\\/100063744690430\\\/\",\"https:\\\/\\\/www.linkedin.com\\\/in\\\/carlos-sarto-6552034b\\\/\"]}]}<\/script>\n<!-- \/ Yoast SEO plugin. -->","yoast_head_json":{"title":"Analiza Sport - Asesor\u00eda Analiza","robots":{"index":"index","follow":"follow","max-snippet":"max-snippet:-1","max-image-preview":"max-image-preview:large","max-video-preview":"max-video-preview:-1"},"canonical":"https:\/\/asesoriaanaliza.com\/ca\/analiza-sport\/","og_locale":"ca_ES","og_type":"article","og_title":"Analiza Sport - Asesor\u00eda Analiza","og_description":"[vc_row gap=&#8221;0&#8243; parallax=&#8221;enable_parallax&#8221; enable_overlay=&#8221;yes&#8221; css=&#8221;.vc_custom_1672310807040{margin-top: -35px !important;padding-top: 160px !important;padding-right: 10px !important;padding-bottom: 40px !important;padding-left: 10px !important;background:...","og_url":"https:\/\/asesoriaanaliza.com\/ca\/analiza-sport\/","og_site_name":"Asesor\u00eda Analiza","article_publisher":"https:\/\/www.facebook.com\/people\/Analiza-Consultora-Pymes\/100063744690430\/","article_modified_time":"2026-03-11T13:19:36+00:00","twitter_card":"summary_large_image","twitter_misc":{"Temps estimat de lectura":"2 minuts"},"schema":{"@context":"https:\/\/schema.org","@graph":[{"@type":"WebPage","@id":"https:\/\/asesoriaanaliza.com\/ca\/analiza-sport\/","url":"https:\/\/asesoriaanaliza.com\/ca\/analiza-sport\/","name":"Analiza Sport - Asesor\u00eda Analiza","isPartOf":{"@id":"https:\/\/asesoriaanaliza.com\/ca\/#website"},"datePublished":"2022-12-04T23:40:56+00:00","dateModified":"2026-03-11T13:19:36+00:00","breadcrumb":{"@id":"https:\/\/asesoriaanaliza.com\/ca\/analiza-sport\/#breadcrumb"},"inLanguage":"ca","potentialAction":[{"@type":"ReadAction","target":["https:\/\/asesoriaanaliza.com\/ca\/analiza-sport\/"]}]},{"@type":"BreadcrumbList","@id":"https:\/\/asesoriaanaliza.com\/ca\/analiza-sport\/#breadcrumb","itemListElement":[{"@type":"ListItem","position":1,"name":"Portada","item":"https:\/\/asesoriaanaliza.com\/ca\/"},{"@type":"ListItem","position":2,"name":"Analiza Sport"}]},{"@type":"WebSite","@id":"https:\/\/asesoriaanaliza.com\/ca\/#website","url":"https:\/\/asesoriaanaliza.com\/ca\/","name":"Asesor\u00eda Analiza","description":"Asesor\u00eda para pymes","publisher":{"@id":"https:\/\/asesoriaanaliza.com\/ca\/#organization"},"potentialAction":[{"@type":"SearchAction","target":{"@type":"EntryPoint","urlTemplate":"https:\/\/asesoriaanaliza.com\/ca\/?s={search_term_string}"},"query-input":{"@type":"PropertyValueSpecification","valueRequired":true,"valueName":"search_term_string"}}],"inLanguage":"ca"},{"@type":"Organization","@id":"https:\/\/asesoriaanaliza.com\/ca\/#organization","name":"Asesor\u00eda Analiza","url":"https:\/\/asesoriaanaliza.com\/ca\/","logo":{"@type":"ImageObject","inLanguage":"ca","@id":"https:\/\/asesoriaanaliza.com\/ca\/#\/schema\/logo\/image\/","url":"https:\/\/s285250156.mialojamiento.es\/wp-content\/uploads\/2022\/12\/ANALIZA-logo-black.png","contentUrl":"https:\/\/s285250156.mialojamiento.es\/wp-content\/uploads\/2022\/12\/ANALIZA-logo-black.png","width":689,"height":205,"caption":"Asesor\u00eda Analiza"},"image":{"@id":"https:\/\/asesoriaanaliza.com\/ca\/#\/schema\/logo\/image\/"},"sameAs":["https:\/\/www.facebook.com\/people\/Analiza-Consultora-Pymes\/100063744690430\/","https:\/\/www.linkedin.com\/in\/carlos-sarto-6552034b\/"]}]}},"_links":{"self":[{"href":"https:\/\/asesoriaanaliza.com\/ca\/wp-json\/wp\/v2\/pages\/5217","targetHints":{"allow":["GET"]}}],"collection":[{"href":"https:\/\/asesoriaanaliza.com\/ca\/wp-json\/wp\/v2\/pages"}],"about":[{"href":"https:\/\/asesoriaanaliza.com\/ca\/wp-json\/wp\/v2\/types\/page"}],"author":[{"embeddable":true,"href":"https:\/\/asesoriaanaliza.com\/ca\/wp-json\/wp\/v2\/users\/1"}],"replies":[{"embeddable":true,"href":"https:\/\/asesoriaanaliza.com\/ca\/wp-json\/wp\/v2\/comments?post=5217"}],"version-history":[{"count":12,"href":"https:\/\/asesoriaanaliza.com\/ca\/wp-json\/wp\/v2\/pages\/5217\/revisions"}],"predecessor-version":[{"id":5966,"href":"https:\/\/asesoriaanaliza.com\/ca\/wp-json\/wp\/v2\/pages\/5217\/revisions\/5966"}],"wp:attachment":[{"href":"https:\/\/asesoriaanaliza.com\/ca\/wp-json\/wp\/v2\/media?parent=5217"}],"curies":[{"name":"wp","href":"https:\/\/api.w.org\/{rel}","templated":true}]}}