{"id":5202,"date":"2022-12-04T22:47:06","date_gmt":"2022-12-04T22:47:06","guid":{"rendered":"https:\/\/s285250156.mialojamiento.es\/analiza-internacional\/"},"modified":"2022-12-29T11:27:10","modified_gmt":"2022-12-29T11:27:10","slug":"analiza-internacional","status":"publish","type":"page","link":"https:\/\/asesoriaanaliza.com\/ca\/analiza-internacional\/","title":{"rendered":"Analiza Internacional"},"content":{"rendered":"<section class=\"wpb-content-wrapper\"><p>[vc_row gap=&#8221;0&#8243; parallax=&#8221;enable_parallax&#8221; enable_overlay=&#8221;yes&#8221; css=&#8221;.vc_custom_1672245406281{margin-top: -35px !important;padding-top: 160px !important;padding-right: 10px !important;padding-bottom: 40px !important;padding-left: 10px !important;background: #dddddd url(https:\/\/asesoriaanaliza.com\/wp-content\/uploads\/2022\/12\/Analiza-INTERNATIONAL_2.jpg?id=4150);}&#8221; responsive_css=&#8221;padding_top_large:240px|padding_right_large:40px|padding_left_large:10px&#8221; overlay_bg=&#8221;rgba(0, 0, 0, 0.19)&#8221;][vc_column]<style>.ld_section_title_69fb41b7af12a h2{font-size:26px;font-weight:200;color:rgb(148, 169, 255);margin-top:5px !important;;margin-bottom:0px !important;;}.ld_section_title_69fb41b7af12a h6{font-size:48px;line-height:1;font-weight:600;color:rgb(255, 255, 255);margin-bottom:12px !important;;}<\/style><header class=\"fancy-title ld_section_title_69fb41b7af12a vc_custom_1672311923044\">\n\t<h2>Analiza Internacional<\/h2>\t<h6 class=\"\">Expansi\u00f3 de mercat<\/h6>\t<\/header>[\/vc_column][\/vc_row][vc_row css=&#8221;.vc_custom_1670164266348{padding-top: 40px !important;padding-right: 20px !important;padding-bottom: 40px !important;padding-left: 20px !important;}&#8221;][vc_column css=&#8221;.vc_custom_1670158121858{padding-bottom: 50px !important;}&#8221;][vc_row_inner][vc_column_inner width=&#8221;1\/2&#8243;][vc_column_text]Ja ha arribat l&#8217;hora d&#8217;exportar la marca fora de les nostres fronteres? A Analitza som especialistes en Internacionalitzaci\u00f3 per a Pimes i Empreses.<\/p>\n<p>Elaborem un full de ruta en conjunt per con\u00e8ixer els punts clau perqu\u00e8 aquest proc\u00e9s sigui un \u00e8xit, analitzant les peculiaritats del pa\u00eds o pa\u00efsos-objectiu aix\u00ed com el seu mercat. Donarem suport i estrat\u00e8gia al teu projecte en el nou viatge que vulguis emprendre perqu\u00e8 passi de ser una aposta a cegues a una realitat tangible i viable.[\/vc_column_text][\/vc_column_inner][vc_column_inner width=&#8221;1\/2&#8243;][\/vc_column_inner][\/vc_row_inner][vc_separator el_width=&#8221;70&#8243; css=&#8221;.vc_custom_1670163258569{padding-top: 30px !important;}&#8221;][vc_row_inner equal_height=&#8221;yes&#8221;][vc_column_inner width=&#8221;1\/3&#8243;]<style>.ld_icon_box_69fb41b7af565 .iconbox-icon-container{color:rgb(148, 169, 255);font-size:50px;background:rgba(0, 0, 0, 0);border-radius:px;}.ld_icon_box_69fb41b7af565 .iconbox-icon-container:before{border-color:rgba(0, 0, 0, 0);}.ld_icon_box_69fb41b7af565 h3{margin-bottom:px;}<\/style>\n<div class=\"iconbox iconbox-inline iconbox-circle iconbox-md iconbox-heading-md ld_icon_box_69fb41b7af565 vc_custom_1672312036149\" id=\"ld_icon_box_69fb41b7af565\"  data-plugin-options='{\"color\":\"rgb(148, 169, 255)\"}'  >\n\t\n\t\t<div class=\"iconbox-icon-wrap\"><span class=\"iconbox-icon-container\"><i class=\"icon-basic_paperplane\"><\/i><\/span><\/div><!-- \/.iconbox-icon-wrap -->\t\n\t<h3>Assessoria<br \/> exportaci\u00f3<\/h3>\t\n\t<div class=\"contents\">\t\n\t\t<ul>\n<li style=\"font-weight: 400\">ESTUDI ACC\u00c9S AL MERCAT. AUDITORIA NORMATIVA<\/li>\n<li style=\"font-weight: 400\">PLANIFICACI\u00d3 FINANCERA D&#8217;ACC\u00c9S A MERCATS<\/li>\n<li style=\"font-weight: 400\">PLANIFICACI\u00d3 LOG\u00cdSTICA D&#8217;ACC\u00c9S A MERCATS<\/li>\n<li style=\"font-weight: 400\">ASSESSORIA JUR\u00cdDICA<\/li>\n<\/ul>\n\t\t\n\t<\/div>\t\n\t\n<\/div>\n[\/vc_column_inner][vc_column_inner width=&#8221;1\/3&#8243;]<style>.ld_icon_box_69fb41b7b358b .iconbox-icon-container{color:rgb(148, 169, 255);font-size:50px;background:rgba(0, 0, 0, 0);border-radius:px;}.ld_icon_box_69fb41b7b358b .iconbox-icon-container:before{border-color:rgba(0, 0, 0, 0);}.ld_icon_box_69fb41b7b358b h3{margin-bottom:px;}<\/style>\n<div class=\"iconbox iconbox-inline iconbox-circle iconbox-md iconbox-heading-md ld_icon_box_69fb41b7b358b vc_custom_1672313100296\" id=\"ld_icon_box_69fb41b7b358b\"  data-plugin-options='{\"color\":\"rgb(148, 169, 255)\"}'  >\n\t\n\t\t<div class=\"iconbox-icon-wrap\"><span class=\"iconbox-icon-container\"><i class=\"icon-et-global\"><\/i><\/span><\/div><!-- \/.iconbox-icon-wrap -->\t\n\t<h3>Desenvolupament comercial internacional<\/h3>\t\n\t<div class=\"contents\">\t\n\t\t<ul>\n<li style=\"font-weight: 400\">DESENVOLUPAMENT PLA ESTRAT\u00c8GIC INTERNACIONALITZACI\u00d3<\/li>\n<li style=\"font-weight: 400\">DESENVOLUPAMENT DE NEGOCI<\/li>\n<li style=\"font-weight: 400\">ACTIVITATS I ESDEVENIMENTS EN DESTINACI\u00d3: FIRES I MISSIONS COMERCIALS<\/li>\n<\/ul>\n\t\t\n\t<\/div>\t\n\t\n<\/div>\n[\/vc_column_inner][vc_column_inner width=&#8221;1\/3&#8243;]<style>.ld_icon_box_69fb41b7b49cb .iconbox-icon-container{color:rgb(148, 169, 255);font-size:50px;background:rgba(0, 0, 0, 0);border-radius:px;}.ld_icon_box_69fb41b7b49cb .iconbox-icon-container:before{border-color:rgba(0, 0, 0, 0);}.ld_icon_box_69fb41b7b49cb h3{margin-bottom:px;}<\/style>\n<div class=\"iconbox iconbox-inline iconbox-circle iconbox-md iconbox-heading-md ld_icon_box_69fb41b7b49cb vc_custom_1672313220313\" id=\"ld_icon_box_69fb41b7b49cb\"  data-plugin-options='{\"color\":\"rgb(148, 169, 255)\"}'  >\n\t\n\t\t<div class=\"iconbox-icon-wrap\"><span class=\"iconbox-icon-container\"><i class=\"icon-basic_geolocalize-05\"><\/i><\/span><\/div><!-- \/.iconbox-icon-wrap -->\t\n\t<h3>Creaci\u00f3 de filials a l'estranger<\/h3>\t\n\t<div class=\"contents\">\t\n\t\t<ul>\n<li style=\"font-weight: 400\">CREACI\u00d3 DE FILIALS A L&#8217;ESTRANGER<\/li>\n<li style=\"font-weight: 400\">SEGUIMENT COMPTABLE I FISCAL DE LES FILIALS<\/li>\n<li style=\"font-weight: 400\">OBERTURA DE COMPTE BANCARI A L&#8217;ESTRANGER<\/li>\n<\/ul>\n\t\t\n\t<\/div>\t\n\t\n<\/div>\n[\/vc_column_inner][\/vc_row_inner][\/vc_column][\/vc_row]<\/p>\n<\/section>","protected":false},"excerpt":{"rendered":"<p>[vc_row gap=&#8221;0&#8243; parallax=&#8221;enable_parallax&#8221; enable_overlay=&#8221;yes&#8221; css=&#8221;.vc_custom_1672245406281{margin-top: -35px !important;padding-top: 160px !important;padding-right: 10px !important;padding-bottom: 40px !important;padding-left: 10px !important;background:&#8230;<\/p>\n","protected":false},"author":1,"featured_media":0,"parent":0,"menu_order":0,"comment_status":"closed","ping_status":"closed","template":"","meta":{"footnotes":""},"class_list":["post-5202","page","type-page","status-publish","hentry"],"yoast_head":"<!-- This site is optimized with the Yoast SEO plugin v27.5 - https:\/\/yoast.com\/product\/yoast-seo-wordpress\/ -->\n<title>Analiza Internacional - Asesor\u00eda Analiza<\/title>\n<meta name=\"robots\" content=\"index, follow, max-snippet:-1, max-image-preview:large, max-video-preview:-1\" \/>\n<link rel=\"canonical\" href=\"https:\/\/asesoriaanaliza.com\/ca\/analiza-internacional\/\" \/>\n<meta property=\"og:locale\" content=\"ca_ES\" \/>\n<meta property=\"og:type\" content=\"article\" \/>\n<meta property=\"og:title\" content=\"Analiza Internacional - Asesor\u00eda Analiza\" \/>\n<meta property=\"og:description\" content=\"[vc_row gap=&#8221;0&#8243; parallax=&#8221;enable_parallax&#8221; enable_overlay=&#8221;yes&#8221; css=&#8221;.vc_custom_1672245406281{margin-top: -35px !important;padding-top: 160px !important;padding-right: 10px !important;padding-bottom: 40px !important;padding-left: 10px !important;background:...\" \/>\n<meta property=\"og:url\" content=\"https:\/\/asesoriaanaliza.com\/ca\/analiza-internacional\/\" \/>\n<meta property=\"og:site_name\" content=\"Asesor\u00eda Analiza\" \/>\n<meta property=\"article:publisher\" content=\"https:\/\/www.facebook.com\/people\/Analiza-Consultora-Pymes\/100063744690430\/\" \/>\n<meta property=\"article:modified_time\" content=\"2022-12-29T11:27:10+00:00\" \/>\n<meta name=\"twitter:card\" content=\"summary_large_image\" \/>\n<meta name=\"twitter:label1\" content=\"Temps estimat de lectura\" \/>\n\t<meta name=\"twitter:data1\" content=\"3 minuts\" \/>\n<script type=\"application\/ld+json\" class=\"yoast-schema-graph\">{\"@context\":\"https:\\\/\\\/schema.org\",\"@graph\":[{\"@type\":\"WebPage\",\"@id\":\"https:\\\/\\\/asesoriaanaliza.com\\\/ca\\\/analiza-internacional\\\/\",\"url\":\"https:\\\/\\\/asesoriaanaliza.com\\\/ca\\\/analiza-internacional\\\/\",\"name\":\"Analiza Internacional - Asesor\u00eda Analiza\",\"isPartOf\":{\"@id\":\"https:\\\/\\\/asesoriaanaliza.com\\\/ca\\\/#website\"},\"datePublished\":\"2022-12-04T22:47:06+00:00\",\"dateModified\":\"2022-12-29T11:27:10+00:00\",\"breadcrumb\":{\"@id\":\"https:\\\/\\\/asesoriaanaliza.com\\\/ca\\\/analiza-internacional\\\/#breadcrumb\"},\"inLanguage\":\"ca\",\"potentialAction\":[{\"@type\":\"ReadAction\",\"target\":[\"https:\\\/\\\/asesoriaanaliza.com\\\/ca\\\/analiza-internacional\\\/\"]}]},{\"@type\":\"BreadcrumbList\",\"@id\":\"https:\\\/\\\/asesoriaanaliza.com\\\/ca\\\/analiza-internacional\\\/#breadcrumb\",\"itemListElement\":[{\"@type\":\"ListItem\",\"position\":1,\"name\":\"Portada\",\"item\":\"https:\\\/\\\/asesoriaanaliza.com\\\/ca\\\/\"},{\"@type\":\"ListItem\",\"position\":2,\"name\":\"Analiza Internacional\"}]},{\"@type\":\"WebSite\",\"@id\":\"https:\\\/\\\/asesoriaanaliza.com\\\/ca\\\/#website\",\"url\":\"https:\\\/\\\/asesoriaanaliza.com\\\/ca\\\/\",\"name\":\"Asesor\u00eda Analiza\",\"description\":\"Asesor\u00eda para pymes\",\"publisher\":{\"@id\":\"https:\\\/\\\/asesoriaanaliza.com\\\/ca\\\/#organization\"},\"potentialAction\":[{\"@type\":\"SearchAction\",\"target\":{\"@type\":\"EntryPoint\",\"urlTemplate\":\"https:\\\/\\\/asesoriaanaliza.com\\\/ca\\\/?s={search_term_string}\"},\"query-input\":{\"@type\":\"PropertyValueSpecification\",\"valueRequired\":true,\"valueName\":\"search_term_string\"}}],\"inLanguage\":\"ca\"},{\"@type\":\"Organization\",\"@id\":\"https:\\\/\\\/asesoriaanaliza.com\\\/ca\\\/#organization\",\"name\":\"Asesor\u00eda Analiza\",\"url\":\"https:\\\/\\\/asesoriaanaliza.com\\\/ca\\\/\",\"logo\":{\"@type\":\"ImageObject\",\"inLanguage\":\"ca\",\"@id\":\"https:\\\/\\\/asesoriaanaliza.com\\\/ca\\\/#\\\/schema\\\/logo\\\/image\\\/\",\"url\":\"https:\\\/\\\/s285250156.mialojamiento.es\\\/wp-content\\\/uploads\\\/2022\\\/12\\\/ANALIZA-logo-black.png\",\"contentUrl\":\"https:\\\/\\\/s285250156.mialojamiento.es\\\/wp-content\\\/uploads\\\/2022\\\/12\\\/ANALIZA-logo-black.png\",\"width\":689,\"height\":205,\"caption\":\"Asesor\u00eda Analiza\"},\"image\":{\"@id\":\"https:\\\/\\\/asesoriaanaliza.com\\\/ca\\\/#\\\/schema\\\/logo\\\/image\\\/\"},\"sameAs\":[\"https:\\\/\\\/www.facebook.com\\\/people\\\/Analiza-Consultora-Pymes\\\/100063744690430\\\/\",\"https:\\\/\\\/www.linkedin.com\\\/in\\\/carlos-sarto-6552034b\\\/\"]}]}<\/script>\n<!-- \/ Yoast SEO plugin. -->","yoast_head_json":{"title":"Analiza Internacional - Asesor\u00eda Analiza","robots":{"index":"index","follow":"follow","max-snippet":"max-snippet:-1","max-image-preview":"max-image-preview:large","max-video-preview":"max-video-preview:-1"},"canonical":"https:\/\/asesoriaanaliza.com\/ca\/analiza-internacional\/","og_locale":"ca_ES","og_type":"article","og_title":"Analiza Internacional - Asesor\u00eda Analiza","og_description":"[vc_row gap=&#8221;0&#8243; parallax=&#8221;enable_parallax&#8221; enable_overlay=&#8221;yes&#8221; css=&#8221;.vc_custom_1672245406281{margin-top: -35px !important;padding-top: 160px !important;padding-right: 10px !important;padding-bottom: 40px !important;padding-left: 10px !important;background:...","og_url":"https:\/\/asesoriaanaliza.com\/ca\/analiza-internacional\/","og_site_name":"Asesor\u00eda Analiza","article_publisher":"https:\/\/www.facebook.com\/people\/Analiza-Consultora-Pymes\/100063744690430\/","article_modified_time":"2022-12-29T11:27:10+00:00","twitter_card":"summary_large_image","twitter_misc":{"Temps estimat de lectura":"3 minuts"},"schema":{"@context":"https:\/\/schema.org","@graph":[{"@type":"WebPage","@id":"https:\/\/asesoriaanaliza.com\/ca\/analiza-internacional\/","url":"https:\/\/asesoriaanaliza.com\/ca\/analiza-internacional\/","name":"Analiza Internacional - Asesor\u00eda Analiza","isPartOf":{"@id":"https:\/\/asesoriaanaliza.com\/ca\/#website"},"datePublished":"2022-12-04T22:47:06+00:00","dateModified":"2022-12-29T11:27:10+00:00","breadcrumb":{"@id":"https:\/\/asesoriaanaliza.com\/ca\/analiza-internacional\/#breadcrumb"},"inLanguage":"ca","potentialAction":[{"@type":"ReadAction","target":["https:\/\/asesoriaanaliza.com\/ca\/analiza-internacional\/"]}]},{"@type":"BreadcrumbList","@id":"https:\/\/asesoriaanaliza.com\/ca\/analiza-internacional\/#breadcrumb","itemListElement":[{"@type":"ListItem","position":1,"name":"Portada","item":"https:\/\/asesoriaanaliza.com\/ca\/"},{"@type":"ListItem","position":2,"name":"Analiza Internacional"}]},{"@type":"WebSite","@id":"https:\/\/asesoriaanaliza.com\/ca\/#website","url":"https:\/\/asesoriaanaliza.com\/ca\/","name":"Asesor\u00eda Analiza","description":"Asesor\u00eda para pymes","publisher":{"@id":"https:\/\/asesoriaanaliza.com\/ca\/#organization"},"potentialAction":[{"@type":"SearchAction","target":{"@type":"EntryPoint","urlTemplate":"https:\/\/asesoriaanaliza.com\/ca\/?s={search_term_string}"},"query-input":{"@type":"PropertyValueSpecification","valueRequired":true,"valueName":"search_term_string"}}],"inLanguage":"ca"},{"@type":"Organization","@id":"https:\/\/asesoriaanaliza.com\/ca\/#organization","name":"Asesor\u00eda Analiza","url":"https:\/\/asesoriaanaliza.com\/ca\/","logo":{"@type":"ImageObject","inLanguage":"ca","@id":"https:\/\/asesoriaanaliza.com\/ca\/#\/schema\/logo\/image\/","url":"https:\/\/s285250156.mialojamiento.es\/wp-content\/uploads\/2022\/12\/ANALIZA-logo-black.png","contentUrl":"https:\/\/s285250156.mialojamiento.es\/wp-content\/uploads\/2022\/12\/ANALIZA-logo-black.png","width":689,"height":205,"caption":"Asesor\u00eda Analiza"},"image":{"@id":"https:\/\/asesoriaanaliza.com\/ca\/#\/schema\/logo\/image\/"},"sameAs":["https:\/\/www.facebook.com\/people\/Analiza-Consultora-Pymes\/100063744690430\/","https:\/\/www.linkedin.com\/in\/carlos-sarto-6552034b\/"]}]}},"_links":{"self":[{"href":"https:\/\/asesoriaanaliza.com\/ca\/wp-json\/wp\/v2\/pages\/5202","targetHints":{"allow":["GET"]}}],"collection":[{"href":"https:\/\/asesoriaanaliza.com\/ca\/wp-json\/wp\/v2\/pages"}],"about":[{"href":"https:\/\/asesoriaanaliza.com\/ca\/wp-json\/wp\/v2\/types\/page"}],"author":[{"embeddable":true,"href":"https:\/\/asesoriaanaliza.com\/ca\/wp-json\/wp\/v2\/users\/1"}],"replies":[{"embeddable":true,"href":"https:\/\/asesoriaanaliza.com\/ca\/wp-json\/wp\/v2\/comments?post=5202"}],"version-history":[{"count":9,"href":"https:\/\/asesoriaanaliza.com\/ca\/wp-json\/wp\/v2\/pages\/5202\/revisions"}],"predecessor-version":[{"id":5443,"href":"https:\/\/asesoriaanaliza.com\/ca\/wp-json\/wp\/v2\/pages\/5202\/revisions\/5443"}],"wp:attachment":[{"href":"https:\/\/asesoriaanaliza.com\/ca\/wp-json\/wp\/v2\/media?parent=5202"}],"curies":[{"name":"wp","href":"https:\/\/api.w.org\/{rel}","templated":true}]}}