{"id":5158,"date":"2022-12-04T21:28:27","date_gmt":"2022-12-04T21:28:27","guid":{"rendered":"https:\/\/s285250156.mialojamiento.es\/analiza-business\/"},"modified":"2022-12-29T11:04:34","modified_gmt":"2022-12-29T11:04:34","slug":"analiza-business","status":"publish","type":"page","link":"https:\/\/asesoriaanaliza.com\/ca\/analiza-business\/","title":{"rendered":"Analiza Business"},"content":{"rendered":"<section class=\"wpb-content-wrapper\"><p>[vc_row gap=&#8221;0&#8243; parallax=&#8221;enable_parallax&#8221; enable_overlay=&#8221;yes&#8221; css=&#8221;.vc_custom_1672244706379{margin-top: -35px !important;padding-top: 160px !important;padding-right: 10px !important;padding-bottom: 40px !important;padding-left: 10px !important;background: #dddddd url(https:\/\/asesoriaanaliza.com\/wp-content\/uploads\/2022\/12\/cabecera-business.jpg?id=5368);}&#8221; responsive_css=&#8221;padding_top_large:240px|padding_right_large:40px|padding_left_large:10px&#8221; overlay_bg=&#8221;rgba(0, 0, 0, 0.19)&#8221;][vc_column]<style>.ld_section_title_69fb429d5ce43 h2{font-size:26px;font-weight:200;color:rgb(148, 169, 255);margin-top:5px !important;;margin-bottom:0px !important;;}.ld_section_title_69fb429d5ce43 h6{font-size:48px;line-height:1;font-weight:600;color:rgb(255, 255, 255);margin-bottom:12px !important;;}<\/style><header class=\"fancy-title ld_section_title_69fb429d5ce43 vc_custom_1672311470612\">\n\t<h2>Analiza Business<\/h2>\t<h6 class=\"\">Assessoria empresarial<\/h6>\t<\/header>[\/vc_column][\/vc_row][vc_row css=&#8221;.vc_custom_1670164266348{padding-top: 40px !important;padding-right: 20px !important;padding-bottom: 40px !important;padding-left: 20px !important;}&#8221;][vc_column css=&#8221;.vc_custom_1670158121858{padding-bottom: 50px !important;}&#8221;][vc_row_inner][vc_column_inner width=&#8221;1\/2&#8243;][vc_column_text]Des d&#8217;Analiza vetllem pel compliment de les obligacions de tots els nostres clients. El compliment de totes les obligacions formals \u00e9s base per aconseguir altres reptes m\u00e9s grans.[\/vc_column_text][\/vc_column_inner][vc_column_inner width=&#8221;1\/2&#8243;][\/vc_column_inner][\/vc_row_inner][vc_separator el_width=&#8221;70&#8243; css=&#8221;.vc_custom_1670163258569{padding-top: 30px !important;}&#8221;][vc_row_inner equal_height=&#8221;yes&#8221; content_placement=&#8221;top&#8221;][vc_column_inner width=&#8221;1\/3&#8243;]<style>.ld_icon_box_69fb429d5d276 .iconbox-icon-container{color:rgb(148, 169, 255);font-size:50px;background:rgba(0, 0, 0, 0);border-radius:px;}.ld_icon_box_69fb429d5d276 .iconbox-icon-container:before{border-color:rgba(0, 0, 0, 0);}.ld_icon_box_69fb429d5d276 h3{margin-bottom:px;}<\/style>\n<div class=\"iconbox iconbox-inline iconbox-circle iconbox-md iconbox-heading-md ld_icon_box_69fb429d5d276 vc_custom_1672311537947\" id=\"ld_icon_box_69fb429d5d276\"  data-plugin-options='{\"color\":\"rgb(148, 169, 255)\"}'  >\n\t\n\t\t<div class=\"iconbox-icon-wrap\"><span class=\"iconbox-icon-container\"><i class=\"icon-ecommerce_graph_increase\"><\/i><\/span><\/div><!-- \/.iconbox-icon-wrap -->\t\n\t<h3>Assessorament i gesti\u00f3 comptable<\/h3>\t\n\t<div class=\"contents\">\t\n\t\t<ul>\n<li>COMPTABILITAT<\/li>\n<li>PLA COMPTABLE A MIDA<\/li>\n<li>ACTUALITZACI\u00d3 DE COMPTABILITATS<\/li>\n<li>EMISSI\u00d3 D&#8217;ESTATS COMPTABLES I FINANCERS<\/li>\n<li>INFORMES ECON\u00d2MIC-FINANCERS<\/li>\n<\/ul>\n\t\t\n\t<\/div>\t\n\t\n<\/div>\n[\/vc_column_inner][vc_column_inner width=&#8221;1\/3&#8243;]<style>.ld_icon_box_69fb429d5f5e9 .iconbox-icon-container{color:rgb(148, 169, 255);font-size:50px;background:rgba(0, 0, 0, 0);border-radius:px;}.ld_icon_box_69fb429d5f5e9 .iconbox-icon-container:before{border-color:rgba(0, 0, 0, 0);}.ld_icon_box_69fb429d5f5e9 h3{margin-bottom:px;}<\/style>\n<div class=\"iconbox iconbox-inline iconbox-circle iconbox-md iconbox-heading-md ld_icon_box_69fb429d5f5e9 vc_custom_1672311574779\" id=\"ld_icon_box_69fb429d5f5e9\"  data-plugin-options='{\"color\":\"rgb(148, 169, 255)\"}'  >\n\t\n\t\t<div class=\"iconbox-icon-wrap\"><span class=\"iconbox-icon-container\"><i class=\"icon-software_pen\"><\/i><\/span><\/div><!-- \/.iconbox-icon-wrap -->\t\n\t<h3>Assessorament mercantil<\/h3>\t\n\t<div class=\"contents\">\t\n\t\t<ul>\n<li style=\"font-weight: 400\">ELABORACI\u00d3 DE COMPTES ANUALS<\/li>\n<li style=\"font-weight: 400\">CANVIS SOCIETARIS<\/li>\n<li style=\"font-weight: 400\">ASSESSORAMENT A SOCIS I ADMINISTRADORS<\/li>\n<li style=\"font-weight: 400\">LIQUIDACI\u00d3 DE SOCIETATS<\/li>\n<\/ul>\n\t\t\n\t<\/div>\t\n\t\n<\/div>\n[\/vc_column_inner][vc_column_inner width=&#8221;1\/3&#8243;]<style>.ld_icon_box_69fb429d617fb .iconbox-icon-container{color:rgb(148, 169, 255);font-size:50px;background:rgba(0, 0, 0, 0);border-radius:px;}.ld_icon_box_69fb429d617fb .iconbox-icon-container:before{border-color:rgba(0, 0, 0, 0);}.ld_icon_box_69fb429d617fb h3{margin-bottom:px;}<\/style>\n<div class=\"iconbox iconbox-inline iconbox-circle iconbox-md iconbox-heading-md ld_icon_box_69fb429d617fb vc_custom_1672311637410\" id=\"ld_icon_box_69fb429d617fb\"  data-plugin-options='{\"color\":\"rgb(148, 169, 255)\"}'  >\n\t\n\t\t<div class=\"iconbox-icon-wrap\"><span class=\"iconbox-icon-container\"><i class=\"icon-et-toolbox\"><\/i><\/span><\/div><!-- \/.iconbox-icon-wrap -->\t\n\t<h3>Assessorament<br \/> fiscal<\/h3>\t\n\t<div class=\"contents\">\t\n\t\t<ul>\n<li style=\"font-weight: 400\">PRESENTACI\u00d3 IMPOSTOS<\/li>\n<li style=\"font-weight: 400\">CERTIFICATS TRIBUTARIS<\/li>\n<li style=\"font-weight: 400\">GESTI\u00d3 DE REQUERIMENTS<\/li>\n<li style=\"font-weight: 400\">INSPECCIONS FISCALS<\/li>\n<\/ul>\n\t\t\n\t<\/div>\t\n\t\n<\/div>\n[\/vc_column_inner][\/vc_row_inner][vc_row_inner equal_height=&#8221;yes&#8221; content_placement=&#8221;top&#8221;][vc_column_inner width=&#8221;1\/3&#8243;]<style>.ld_icon_box_69fb429d629ca .iconbox-icon-container{color:rgb(148, 169, 255);font-size:50px;background:rgba(0, 0, 0, 0);border-radius:px;}.ld_icon_box_69fb429d629ca .iconbox-icon-container:before{border-color:rgba(0, 0, 0, 0);}.ld_icon_box_69fb429d629ca h3{margin-bottom:px;}<\/style>\n<div class=\"iconbox iconbox-inline iconbox-circle iconbox-md iconbox-heading-md ld_icon_box_69fb429d629ca vc_custom_1672311706382\" id=\"ld_icon_box_69fb429d629ca\"  data-plugin-options='{\"color\":\"rgb(148, 169, 255)\"}'  >\n\t\n\t\t<div class=\"iconbox-icon-wrap\"><span class=\"iconbox-icon-container\"><i class=\"icon-et-document\"><\/i><\/span><\/div><!-- \/.iconbox-icon-wrap -->\t\n\t<h3>Assessorament i<br \/> gesti\u00f3 laboral<\/h3>\t\n\t<div class=\"contents\">\t\n\t\t<ul>\n<li>N\u00d2MINES I ASSEGURANCES SOCIALS<\/li>\n<li>IRPF<\/li>\n<li>CONTRACTACI\u00d3<\/li>\n<li>BAIXES<\/li>\n<li>ACOMIADAMENTS<\/li>\n<li>R\u00c8GIMS ESPECIALS<\/li>\n<li>OBERTURA CENTRES DE TREBALL (SS)<\/li>\n<\/ul>\n\t\t\n\t<\/div>\t\n\t\n<\/div>\n[\/vc_column_inner][vc_column_inner width=&#8221;1\/3&#8243;]<style>.ld_icon_box_69fb429d62dc3 .iconbox-icon-container{color:rgb(148, 169, 255);font-size:50px;background:rgba(0, 0, 0, 0);border-radius:px;}.ld_icon_box_69fb429d62dc3 .iconbox-icon-container:before{border-color:rgba(0, 0, 0, 0);}.ld_icon_box_69fb429d62dc3 h3{margin-bottom:px;}<\/style>\n<div class=\"iconbox iconbox-inline iconbox-circle iconbox-md iconbox-heading-md ld_icon_box_69fb429d62dc3 vc_custom_1672311748471\" id=\"ld_icon_box_69fb429d62dc3\"  data-plugin-options='{\"color\":\"rgb(148, 169, 255)\"}'  >\n\t\n\t\t<div class=\"iconbox-icon-wrap\"><span class=\"iconbox-icon-container\"><i class=\"icon-et-flag\"><\/i><\/span><\/div><!-- \/.iconbox-icon-wrap -->\t\n\t<h3>Constituci\u00f3<br \/> de societats<\/h3>\t\n\t<div class=\"contents\">\t\n\t\t<ul>\n<li style=\"font-weight: 400\">CONSTITUCI\u00d3 DE SOCIETATS: AN\u00d2NIMES, LIMITADES, ETC<\/li>\n<li style=\"font-weight: 400\">CONSTITUCI\u00d3 D&#8217;ASSOCIACIONS I FUNDACIONS<\/li>\n<li style=\"font-weight: 400\">CREACI\u00d3 DE FILIALS PER A EMPRESES ESTRANGERES<\/li>\n<\/ul>\n\t\t\n\t<\/div>\t\n\t\n<\/div>\n[\/vc_column_inner][vc_column_inner width=&#8221;1\/3&#8243;]<style>.ld_icon_box_69fb429d6310b .iconbox-icon-container{color:rgb(148, 169, 255);font-size:50px;background:rgba(0, 0, 0, 0);border-radius:px;}.ld_icon_box_69fb429d6310b .iconbox-icon-container:before{border-color:rgba(0, 0, 0, 0);}.ld_icon_box_69fb429d6310b h3{margin-bottom:px;}<\/style>\n<div class=\"iconbox iconbox-inline iconbox-circle iconbox-md iconbox-heading-md ld_icon_box_69fb429d6310b vc_custom_1672311818706\" id=\"ld_icon_box_69fb429d6310b\"  data-plugin-options='{\"color\":\"rgb(148, 169, 255)\"}'  >\n\t\n\t\t<div class=\"iconbox-icon-wrap\"><span class=\"iconbox-icon-container\"><i class=\"icon-basic_compass\"><\/i><\/span><\/div><!-- \/.iconbox-icon-wrap -->\t\n\t<h3>Assessorament estrat\u00e8gic<\/h3>\t\n\t<div class=\"contents\">\t\n\t\t<ul>\n<li>DIRECCI\u00d3 FINANCERA EXTERNA: AN\u00c0LISI FINANCERA DE L&#8217;EMPRESA I PLANIFICACI\u00d3 FISCAL<\/li>\n<li>CONTROL, OPTIMITZACI\u00d3 I SEGUIMENT DEL DEPARTAMENT COMPTABLE<\/li>\n<li>PREPARACI\u00d3 D&#8217;INFORMES PERI\u00d2DICS<\/li>\n<li>AJUDA A LA PRESA DE DECISIONS DE GER\u00c8NCIA<\/li>\n<\/ul>\n\t\t\n\t<\/div>\t\n\t\n<\/div>\n[\/vc_column_inner][\/vc_row_inner][\/vc_column][\/vc_row][vc_row gap=&#8221;35&#8243; css=&#8221;.vc_custom_1670192790209{padding-top: 50px !important;padding-right: 20px !important;padding-bottom: 50px !important;padding-left: 20px !important;background-color: #d2e0df !important;}&#8221; responsive_css=&#8221;padding_top_large:60px|padding_bottom_large:60px&#8221;][vc_column width=&#8221;1\/2&#8243; css=&#8221;.vc_custom_1670158121858{padding-bottom: 50px !important;}&#8221;][vc_column_text css=&#8221;.vc_custom_1672311844992{padding-right: 20px !important;padding-left: 40px !important;}&#8221;]<\/p>\n<h3 style=\"text-align: right;\">Pimes i microempreses s\u00f3n el motor econ\u00f2mic de la societat. Analitza s&#8217;implica al m\u00e0xim per satisfer les necessitats que necessitin amb l&#8217;objectiu d&#8217;ubicar-les al teixit empresarial.<\/h3>\n<p>[\/vc_column_text][\/vc_column][vc_column width=&#8221;1\/2&#8243;][vc_column_text]Tant les empreses i projectes ja consagrats com aquells de nova creaci\u00f3 s\u00f3n susceptibles de millora, mitjan\u00e7ant el nostre assessorament trobaran all\u00f2 que cal posar \u00e8mfasi per prosperar, centrant-nos en l&#8217;\u00e0mbit de la planificaci\u00f3 financera, la reestructuraci\u00f3 de models de negoci, l&#8217;expansi\u00f3 del mercat i les gestions tradicionals de qualsevol Pime o Microempresa.<\/p>\n<p>Un servei personalitzat i ajustat a les vostres necessitats. La felicitat no \u00e9s el dest\u00ed, \u00e9s el cam\u00ed. A les empreses passa una cosa molt semblant, els objectius que tenim quan emprenem un projecte no tenen sostre, la nostra comesa des d&#8217;Analiza \u00e9s que gaudeixis al m\u00e0xim del creixement i la prosperitat del teu negoci, donant-te les claus perqu\u00e8 aconsegueixis tot el que et proposis , objectiu darrere objectiu, destinaci\u00f3 darrere destinaci\u00f3.[\/vc_column_text][\/vc_column][\/vc_row]<\/p>\n<\/section>","protected":false},"excerpt":{"rendered":"<p>[vc_row gap=&#8221;0&#8243; parallax=&#8221;enable_parallax&#8221; enable_overlay=&#8221;yes&#8221; css=&#8221;.vc_custom_1672244706379{margin-top: -35px !important;padding-top: 160px !important;padding-right: 10px !important;padding-bottom: 40px !important;padding-left: 10px !important;background:&#8230;<\/p>\n","protected":false},"author":1,"featured_media":0,"parent":0,"menu_order":0,"comment_status":"closed","ping_status":"closed","template":"","meta":{"footnotes":""},"class_list":["post-5158","page","type-page","status-publish","hentry"],"yoast_head":"<!-- This site is optimized with the Yoast SEO plugin v27.5 - https:\/\/yoast.com\/product\/yoast-seo-wordpress\/ -->\n<title>Analiza Business - Asesor\u00eda Analiza<\/title>\n<meta name=\"robots\" content=\"index, follow, max-snippet:-1, max-image-preview:large, max-video-preview:-1\" \/>\n<link rel=\"canonical\" href=\"https:\/\/asesoriaanaliza.com\/ca\/analiza-business\/\" \/>\n<meta property=\"og:locale\" content=\"ca_ES\" \/>\n<meta property=\"og:type\" content=\"article\" \/>\n<meta property=\"og:title\" content=\"Analiza Business - Asesor\u00eda Analiza\" \/>\n<meta property=\"og:description\" content=\"[vc_row gap=&#8221;0&#8243; parallax=&#8221;enable_parallax&#8221; enable_overlay=&#8221;yes&#8221; css=&#8221;.vc_custom_1672244706379{margin-top: -35px !important;padding-top: 160px !important;padding-right: 10px !important;padding-bottom: 40px !important;padding-left: 10px !important;background:...\" \/>\n<meta property=\"og:url\" content=\"https:\/\/asesoriaanaliza.com\/ca\/analiza-business\/\" \/>\n<meta property=\"og:site_name\" content=\"Asesor\u00eda Analiza\" \/>\n<meta property=\"article:publisher\" content=\"https:\/\/www.facebook.com\/people\/Analiza-Consultora-Pymes\/100063744690430\/\" \/>\n<meta property=\"article:modified_time\" content=\"2022-12-29T11:04:34+00:00\" \/>\n<meta name=\"twitter:card\" content=\"summary_large_image\" \/>\n<meta name=\"twitter:label1\" content=\"Temps estimat de lectura\" \/>\n\t<meta name=\"twitter:data1\" content=\"5 minuts\" \/>\n<script type=\"application\/ld+json\" class=\"yoast-schema-graph\">{\"@context\":\"https:\\\/\\\/schema.org\",\"@graph\":[{\"@type\":\"WebPage\",\"@id\":\"https:\\\/\\\/asesoriaanaliza.com\\\/ca\\\/analiza-business\\\/\",\"url\":\"https:\\\/\\\/asesoriaanaliza.com\\\/ca\\\/analiza-business\\\/\",\"name\":\"Analiza Business - Asesor\u00eda Analiza\",\"isPartOf\":{\"@id\":\"https:\\\/\\\/asesoriaanaliza.com\\\/ca\\\/#website\"},\"datePublished\":\"2022-12-04T21:28:27+00:00\",\"dateModified\":\"2022-12-29T11:04:34+00:00\",\"breadcrumb\":{\"@id\":\"https:\\\/\\\/asesoriaanaliza.com\\\/ca\\\/analiza-business\\\/#breadcrumb\"},\"inLanguage\":\"ca\",\"potentialAction\":[{\"@type\":\"ReadAction\",\"target\":[\"https:\\\/\\\/asesoriaanaliza.com\\\/ca\\\/analiza-business\\\/\"]}]},{\"@type\":\"BreadcrumbList\",\"@id\":\"https:\\\/\\\/asesoriaanaliza.com\\\/ca\\\/analiza-business\\\/#breadcrumb\",\"itemListElement\":[{\"@type\":\"ListItem\",\"position\":1,\"name\":\"Portada\",\"item\":\"https:\\\/\\\/asesoriaanaliza.com\\\/ca\\\/\"},{\"@type\":\"ListItem\",\"position\":2,\"name\":\"Analiza Business\"}]},{\"@type\":\"WebSite\",\"@id\":\"https:\\\/\\\/asesoriaanaliza.com\\\/ca\\\/#website\",\"url\":\"https:\\\/\\\/asesoriaanaliza.com\\\/ca\\\/\",\"name\":\"Asesor\u00eda Analiza\",\"description\":\"Asesor\u00eda para pymes\",\"publisher\":{\"@id\":\"https:\\\/\\\/asesoriaanaliza.com\\\/ca\\\/#organization\"},\"potentialAction\":[{\"@type\":\"SearchAction\",\"target\":{\"@type\":\"EntryPoint\",\"urlTemplate\":\"https:\\\/\\\/asesoriaanaliza.com\\\/ca\\\/?s={search_term_string}\"},\"query-input\":{\"@type\":\"PropertyValueSpecification\",\"valueRequired\":true,\"valueName\":\"search_term_string\"}}],\"inLanguage\":\"ca\"},{\"@type\":\"Organization\",\"@id\":\"https:\\\/\\\/asesoriaanaliza.com\\\/ca\\\/#organization\",\"name\":\"Asesor\u00eda Analiza\",\"url\":\"https:\\\/\\\/asesoriaanaliza.com\\\/ca\\\/\",\"logo\":{\"@type\":\"ImageObject\",\"inLanguage\":\"ca\",\"@id\":\"https:\\\/\\\/asesoriaanaliza.com\\\/ca\\\/#\\\/schema\\\/logo\\\/image\\\/\",\"url\":\"https:\\\/\\\/s285250156.mialojamiento.es\\\/wp-content\\\/uploads\\\/2022\\\/12\\\/ANALIZA-logo-black.png\",\"contentUrl\":\"https:\\\/\\\/s285250156.mialojamiento.es\\\/wp-content\\\/uploads\\\/2022\\\/12\\\/ANALIZA-logo-black.png\",\"width\":689,\"height\":205,\"caption\":\"Asesor\u00eda Analiza\"},\"image\":{\"@id\":\"https:\\\/\\\/asesoriaanaliza.com\\\/ca\\\/#\\\/schema\\\/logo\\\/image\\\/\"},\"sameAs\":[\"https:\\\/\\\/www.facebook.com\\\/people\\\/Analiza-Consultora-Pymes\\\/100063744690430\\\/\",\"https:\\\/\\\/www.linkedin.com\\\/in\\\/carlos-sarto-6552034b\\\/\"]}]}<\/script>\n<!-- \/ Yoast SEO plugin. -->","yoast_head_json":{"title":"Analiza Business - Asesor\u00eda Analiza","robots":{"index":"index","follow":"follow","max-snippet":"max-snippet:-1","max-image-preview":"max-image-preview:large","max-video-preview":"max-video-preview:-1"},"canonical":"https:\/\/asesoriaanaliza.com\/ca\/analiza-business\/","og_locale":"ca_ES","og_type":"article","og_title":"Analiza Business - Asesor\u00eda Analiza","og_description":"[vc_row gap=&#8221;0&#8243; parallax=&#8221;enable_parallax&#8221; enable_overlay=&#8221;yes&#8221; css=&#8221;.vc_custom_1672244706379{margin-top: -35px !important;padding-top: 160px !important;padding-right: 10px !important;padding-bottom: 40px !important;padding-left: 10px !important;background:...","og_url":"https:\/\/asesoriaanaliza.com\/ca\/analiza-business\/","og_site_name":"Asesor\u00eda Analiza","article_publisher":"https:\/\/www.facebook.com\/people\/Analiza-Consultora-Pymes\/100063744690430\/","article_modified_time":"2022-12-29T11:04:34+00:00","twitter_card":"summary_large_image","twitter_misc":{"Temps estimat de lectura":"5 minuts"},"schema":{"@context":"https:\/\/schema.org","@graph":[{"@type":"WebPage","@id":"https:\/\/asesoriaanaliza.com\/ca\/analiza-business\/","url":"https:\/\/asesoriaanaliza.com\/ca\/analiza-business\/","name":"Analiza Business - Asesor\u00eda Analiza","isPartOf":{"@id":"https:\/\/asesoriaanaliza.com\/ca\/#website"},"datePublished":"2022-12-04T21:28:27+00:00","dateModified":"2022-12-29T11:04:34+00:00","breadcrumb":{"@id":"https:\/\/asesoriaanaliza.com\/ca\/analiza-business\/#breadcrumb"},"inLanguage":"ca","potentialAction":[{"@type":"ReadAction","target":["https:\/\/asesoriaanaliza.com\/ca\/analiza-business\/"]}]},{"@type":"BreadcrumbList","@id":"https:\/\/asesoriaanaliza.com\/ca\/analiza-business\/#breadcrumb","itemListElement":[{"@type":"ListItem","position":1,"name":"Portada","item":"https:\/\/asesoriaanaliza.com\/ca\/"},{"@type":"ListItem","position":2,"name":"Analiza Business"}]},{"@type":"WebSite","@id":"https:\/\/asesoriaanaliza.com\/ca\/#website","url":"https:\/\/asesoriaanaliza.com\/ca\/","name":"Asesor\u00eda Analiza","description":"Asesor\u00eda para pymes","publisher":{"@id":"https:\/\/asesoriaanaliza.com\/ca\/#organization"},"potentialAction":[{"@type":"SearchAction","target":{"@type":"EntryPoint","urlTemplate":"https:\/\/asesoriaanaliza.com\/ca\/?s={search_term_string}"},"query-input":{"@type":"PropertyValueSpecification","valueRequired":true,"valueName":"search_term_string"}}],"inLanguage":"ca"},{"@type":"Organization","@id":"https:\/\/asesoriaanaliza.com\/ca\/#organization","name":"Asesor\u00eda Analiza","url":"https:\/\/asesoriaanaliza.com\/ca\/","logo":{"@type":"ImageObject","inLanguage":"ca","@id":"https:\/\/asesoriaanaliza.com\/ca\/#\/schema\/logo\/image\/","url":"https:\/\/s285250156.mialojamiento.es\/wp-content\/uploads\/2022\/12\/ANALIZA-logo-black.png","contentUrl":"https:\/\/s285250156.mialojamiento.es\/wp-content\/uploads\/2022\/12\/ANALIZA-logo-black.png","width":689,"height":205,"caption":"Asesor\u00eda Analiza"},"image":{"@id":"https:\/\/asesoriaanaliza.com\/ca\/#\/schema\/logo\/image\/"},"sameAs":["https:\/\/www.facebook.com\/people\/Analiza-Consultora-Pymes\/100063744690430\/","https:\/\/www.linkedin.com\/in\/carlos-sarto-6552034b\/"]}]}},"_links":{"self":[{"href":"https:\/\/asesoriaanaliza.com\/ca\/wp-json\/wp\/v2\/pages\/5158","targetHints":{"allow":["GET"]}}],"collection":[{"href":"https:\/\/asesoriaanaliza.com\/ca\/wp-json\/wp\/v2\/pages"}],"about":[{"href":"https:\/\/asesoriaanaliza.com\/ca\/wp-json\/wp\/v2\/types\/page"}],"author":[{"embeddable":true,"href":"https:\/\/asesoriaanaliza.com\/ca\/wp-json\/wp\/v2\/users\/1"}],"replies":[{"embeddable":true,"href":"https:\/\/asesoriaanaliza.com\/ca\/wp-json\/wp\/v2\/comments?post=5158"}],"version-history":[{"count":14,"href":"https:\/\/asesoriaanaliza.com\/ca\/wp-json\/wp\/v2\/pages\/5158\/revisions"}],"predecessor-version":[{"id":5439,"href":"https:\/\/asesoriaanaliza.com\/ca\/wp-json\/wp\/v2\/pages\/5158\/revisions\/5439"}],"wp:attachment":[{"href":"https:\/\/asesoriaanaliza.com\/ca\/wp-json\/wp\/v2\/media?parent=5158"}],"curies":[{"name":"wp","href":"https:\/\/api.w.org\/{rel}","templated":true}]}}