{"id":5140,"date":"2018-09-10T17:31:21","date_gmt":"2018-09-10T17:31:21","guid":{"rendered":"https:\/\/s285250156.mialojamiento.es\/?page_id=5140"},"modified":"2022-12-28T16:34:35","modified_gmt":"2022-12-28T16:34:35","slug":"nosaltres","status":"publish","type":"page","link":"https:\/\/asesoriaanaliza.com\/ca\/nosaltres\/","title":{"rendered":"Per qu\u00e8 Analiza?"},"content":{"rendered":"<section class=\"wpb-content-wrapper\"><p>[vc_row gap=&#8221;0&#8243; parallax=&#8221;enable_parallax&#8221; enable_overlay=&#8221;yes&#8221; css=&#8221;.vc_custom_1672245239408{margin-top: -35px !important;padding-top: 160px !important;padding-right: 10px !important;padding-bottom: 40px !important;padding-left: 10px !important;background-image: url(https:\/\/asesoriaanaliza.com\/wp-content\/uploads\/2022\/12\/fondo-nosotros2.jpg?id=4272) !important;background-position: center;background-repeat: no-repeat !important;background-size: cover !important;}&#8221; overlay_bg=&#8221;rgba(0, 0, 0, 0.52)&#8221; responsive_css=&#8221;padding_top_large:240px|padding_right_large:40px|padding_left_large:10px&#8221;][vc_column]<style>.ld_section_title_69fb3fea5e152 h2{font-size:26px;font-weight:200;color:rgb(148, 169, 255);margin-top:5px !important;;margin-bottom:0px !important;;}.ld_section_title_69fb3fea5e152 h6{font-size:48px;line-height:1;font-weight:600;color:rgb(255, 255, 255);margin-bottom:12px !important;;}<\/style><header class=\"fancy-title ld_section_title_69fb3fea5e152 vc_custom_1672135164707\">\n\t<h2>Per qu\u00e8 Analiza?<\/h2>\t<h6 class=\"\">Perqu\u00e8 posarem a la teva disposici\u00f3 tota la nostra experi\u00e8ncia i esfor\u00e7<\/h6>\t<\/header>[\/vc_column][\/vc_row][vc_row css=&#8221;.vc_custom_1670164266348{padding-top: 40px !important;padding-right: 20px !important;padding-bottom: 40px !important;padding-left: 20px !important;}&#8221;][vc_column css=&#8221;.vc_custom_1670158121858{padding-bottom: 50px !important;}&#8221;][vc_column_text]Analiza \u00e9s una empresa formada per professionals especialitzats al sector que posaran a la teva disposici\u00f3 tota la seva experi\u00e8ncia en tots els \u00e0mbits de la gesti\u00f3 empresarial, posant models de control i solucions de gesti\u00f3 dissenyats per a grans companyies a disposici\u00f3 de multinacionals, pimes i microempreses.[\/vc_column_text][vc_separator el_width=&#8221;70&#8243; css=&#8221;.vc_custom_1670163258569{padding-top: 30px !important;}&#8221;][vc_row_inner][vc_column_inner width=&#8221;1\/3&#8243;]<style>.ld_icon_box_69fb3fea5e5dc .iconbox-icon-container{color:rgb(148, 169, 255);font-size:60px;background:rgba(0, 0, 0, 0);border-radius:px;}.ld_icon_box_69fb3fea5e5dc .iconbox-icon-container:before{border-color:rgba(0, 0, 0, 0);}.ld_icon_box_69fb3fea5e5dc h3{margin-bottom:px;}<\/style>\n<div class=\"iconbox iconbox-inline iconbox-circle iconbox-md iconbox-heading-md ld_icon_box_69fb3fea5e5dc vc_custom_1672146042193\" id=\"ld_icon_box_69fb3fea5e5dc\"  data-plugin-options='{\"color\":\"rgb(148, 169, 255)\"}'  >\n\t\n\t\t<div class=\"iconbox-icon-wrap\"><span class=\"iconbox-icon-container\"><i class=\"icon-et-traget\"><\/i><\/span><\/div><!-- \/.iconbox-icon-wrap -->\t\n\t<h3>Objectiu<\/h3>\t\n\t<div class=\"contents\">\t\n\t\t<p class=\"p1\">Dotar els nostres clients dels instruments de gesti\u00f3 adequats per con\u00e8ixer i ser conscients en tot moment de l&#8217;evoluci\u00f3 del seu negoci, permetent a trav\u00e9s d&#8217;ells prendre decisions adequades en el moment oport\u00fa.<\/p>\n\t\t\n\t<\/div>\t\n\t\n<\/div>\n[\/vc_column_inner][vc_column_inner width=&#8221;1\/3&#8243;]<style>.ld_icon_box_69fb3fea60e59 .iconbox-icon-container{color:rgb(148, 169, 255);font-size:60px;background:rgba(0, 0, 0, 0);border-radius:px;}.ld_icon_box_69fb3fea60e59 .iconbox-icon-container:before{border-color:rgba(0, 0, 0, 0);}.ld_icon_box_69fb3fea60e59 h3{margin-bottom:px;}<\/style>\n<div class=\"iconbox iconbox-inline iconbox-circle iconbox-md iconbox-heading-md ld_icon_box_69fb3fea60e59 vc_custom_1672146090504\" id=\"ld_icon_box_69fb3fea60e59\"  data-plugin-options='{\"color\":\"rgb(148, 169, 255)\"}'  >\n\t\n\t\t<div class=\"iconbox-icon-wrap\"><span class=\"iconbox-icon-container\"><i class=\"icon-et-strategy\"><\/i><\/span><\/div><!-- \/.iconbox-icon-wrap -->\t\n\t<h3>Visi\u00f3<\/h3>\t\n\t<div class=\"contents\">\t\n\t\t<p class=\"p1\">Una mirada estrat\u00e8gica a llarg termini. Volem acompanyar els nostres clients en la seva traject\u00f2ria empresarial, oferint alternatives d&#8217;acord amb totes les necessitats que sorgeixin en el transcurs del seu desenvolupament, convertint-nos en una figura vital per a la seva prosperitat com a projecte.<\/p>\n\t\t\n\t<\/div>\t\n\t\n<\/div>\n[\/vc_column_inner][vc_column_inner width=&#8221;1\/3&#8243;]<style>.ld_icon_box_69fb3fea6279e .iconbox-icon-container{color:rgb(148, 169, 255);font-size:60px;background:rgba(0, 0, 0, 0);border-radius:px;}.ld_icon_box_69fb3fea6279e .iconbox-icon-container:before{border-color:rgba(0, 0, 0, 0);}.ld_icon_box_69fb3fea6279e h3{margin-bottom:px;}<\/style>\n<div class=\"iconbox iconbox-inline iconbox-circle iconbox-md iconbox-heading-md ld_icon_box_69fb3fea6279e vc_custom_1672146118238\" id=\"ld_icon_box_69fb3fea6279e\"  data-plugin-options='{\"color\":\"rgb(148, 169, 255)\"}'  >\n\t\n\t\t<div class=\"iconbox-icon-wrap\"><span class=\"iconbox-icon-container\"><i class=\"icon-et-streetsign\"><\/i><\/span><\/div><!-- \/.iconbox-icon-wrap -->\t\n\t<h3>Valors<\/h3>\t\n\t<div class=\"contents\">\t\n\t\t<p>El nostre dec\u00e0leg: Professionalitat, implicaci\u00f3, progr\u00e9s, disponibilitat, proximitat, confian\u00e7a, confidencialitat, \u00e8tica, comprom\u00eds i adaptabilitat.<\/p>\n\t\t\n\t<\/div>\t\n\t\n<\/div>\n[\/vc_column_inner][\/vc_row_inner][\/vc_column][\/vc_row][vc_row css=&#8221;.vc_custom_1670187343744{padding-top: 50px !important;padding-right: 20px !important;padding-bottom: 0px !important;padding-left: 20px !important;background-color: #d2e0df !important;}&#8221; responsive_css=&#8221;padding_top_large:60px|padding_bottom_large:10px&#8221;][vc_column css=&#8221;.vc_custom_1670158121858{padding-bottom: 50px !important;}&#8221;]<style>.ld_section_title_69fb3fea6321c h2{margin-bottom:0px !important;;}<\/style><header class=\"fancy-title ld_section_title_69fb3fea6321c\">\n\t<h2>Equipo Analiza<\/h2>\t\t<\/header>[vc_column_text]Quan el 2008 vam construir Analiza ten\u00edem el desig de crear una assessoria \/ consultoria diferent. Un espai que brind\u00e9s la informaci\u00f3 necess\u00e0ria a professionals i empreses per facilitar-ne la presa de decisions. Un projecte en recerca constant d&#8217;innovaci\u00f3 en els seus processos. Mai no vam imaginar el que ens oferiria el futur: la crisi financera i la pand\u00e8mia mundial ens van portar molta confusi\u00f3 i incertesa, per\u00f2 tamb\u00e9 ens van ensenyar algunes coses molt importants: les solucions es busquen i es troben, i l&#8217;esfor\u00e7, passi el que passi, no \u00e9s q\u00fcestionable. Vam aconseguir acompanyar els nostres clients fins i tot en les situacions m\u00e9s dures donant-los la fortalesa, el coneixement i la capacitat d&#8217;an\u00e0lisi, reacci\u00f3 i creixement que necessitaven en el moment prec\u00eds.[\/vc_column_text]<style>.ld_section_title_69fb3fea63343 h2{margin-top:22px !important;;margin-bottom:0px !important;;}.ld_section_title_69fb3fea63343 h6{margin-bottom:0px !important;;}<\/style><header class=\"fancy-title ld_section_title_69fb3fea63343 vc_custom_1672146160684\">\n\t\t<h6 class=\"\">Carlos Sarto<\/h6>\t<div class=\"st-desc\"><p>Soci Director<\/p>\n<\/div><\/header>[\/vc_column][\/vc_row][vc_row parallax=&#8221;enable_parallax&#8221; enable_content_animation=&#8221;yes&#8221; ca_init_scale_x=&#8221;1&#8243; ca_init_scale_y=&#8221;1&#8243; ca_init_scale_z=&#8221;1&#8243; ca_init_opacity=&#8221;0&#8243; ca_an_scale_x=&#8221;1&#8243; ca_an_scale_y=&#8221;1&#8243; ca_an_scale_z=&#8221;1&#8243; ca_an_opacity=&#8221;1&#8243; enable_overlay=&#8221;yes&#8221; css=&#8221;.vc_custom_1672245267650{padding-top: 40px !important;padding-bottom: 100px !important;background-image: url(https:\/\/asesoriaanaliza.com\/wp-content\/uploads\/2022\/12\/recurso.jpg?id=5377) !important;background-position: center;background-repeat: no-repeat !important;background-size: cover !important;}&#8221; ca_duration=&#8221;1200&#8243; ca_init_translate_y=&#8221;56&#8243; ca_init_translate_z=&#8221;-179&#8243; ca_init_rotate_x=&#8221;-75&#8243; overlay_bg=&#8221;rgba(9, 17, 35, 0.611)&#8221; responsive_css=&#8221;padding_top_large:100px|padding_bottom_large:130px&#8221;][vc_column align=&#8221;text-center&#8221; css=&#8221;.vc_custom_1532336583804{padding-right: 7% !important;padding-left: 7% !important;}&#8221; offset=&#8221;vc_col-md-offset-2 vc_col-md-8&#8243;]<style>.ld_fancy_heading_69fb3fea63508 p{font-size:40px;line-height:1.25em;font-weight:700;}.ld_fancy_heading_69fb3fea63508 .lqd-highlight-inner{height:0.275em;bottom:0px;}<\/style><div class=\"ld-fancy-heading ld_fancy_heading_69fb3fea63508\">\n\t<p class=\"lqd-highlight-underline lqd-highlight-grow-left h3\" ><span class=\"ld-fh-txt\"> <\/p>\n<h2><span style=\"color: #ffffff\">Anys d&#8217;experi\u00e8ncia ens avalen<\/span><\/h2>\n<p><\/span><\/p><\/div>[vc_column_text]<span style=\"color: #ffffff;\">El nostre equip \u00e9s imprescindible per a la gesti\u00f3 correcta de les necessitats dels nostres clients. Persones altament qualificades i amb \u00e0mplia experi\u00e8ncia al sector que cobreixen cadascun dels departaments d&#8217;Analiza. Professionals que comparteixen els mateixos valors i les mateixes inquietuds; el reflex del que cerca Analitza per a la resta de projectes.<\/span>[\/vc_column_text][\/vc_column][\/vc_row]<\/p>\n<\/section>","protected":false},"excerpt":{"rendered":"<p>[vc_row gap=&#8221;0&#8243; parallax=&#8221;enable_parallax&#8221; enable_overlay=&#8221;yes&#8221; css=&#8221;.vc_custom_1672245239408{margin-top: -35px !important;padding-top: 160px !important;padding-right: 10px !important;padding-bottom: 40px !important;padding-left: 10px !important;background-image:&#8230;<\/p>\n","protected":false},"author":1,"featured_media":0,"parent":0,"menu_order":0,"comment_status":"closed","ping_status":"closed","template":"","meta":{"footnotes":""},"class_list":["post-5140","page","type-page","status-publish","hentry"],"yoast_head":"<!-- This site is optimized with the Yoast SEO plugin v27.5 - https:\/\/yoast.com\/product\/yoast-seo-wordpress\/ -->\n<title>Per qu\u00e8 Analiza? - Asesor\u00eda Analiza<\/title>\n<meta name=\"robots\" content=\"index, follow, max-snippet:-1, max-image-preview:large, max-video-preview:-1\" \/>\n<link rel=\"canonical\" href=\"https:\/\/asesoriaanaliza.com\/ca\/nosaltres\/\" \/>\n<meta property=\"og:locale\" content=\"ca_ES\" \/>\n<meta property=\"og:type\" content=\"article\" \/>\n<meta property=\"og:title\" content=\"Per qu\u00e8 Analiza? - Asesor\u00eda Analiza\" \/>\n<meta property=\"og:description\" content=\"[vc_row gap=&#8221;0&#8243; parallax=&#8221;enable_parallax&#8221; enable_overlay=&#8221;yes&#8221; css=&#8221;.vc_custom_1672245239408{margin-top: -35px !important;padding-top: 160px !important;padding-right: 10px !important;padding-bottom: 40px !important;padding-left: 10px !important;background-image:...\" \/>\n<meta property=\"og:url\" content=\"https:\/\/asesoriaanaliza.com\/ca\/nosaltres\/\" \/>\n<meta property=\"og:site_name\" content=\"Asesor\u00eda Analiza\" \/>\n<meta property=\"article:publisher\" content=\"https:\/\/www.facebook.com\/people\/Analiza-Consultora-Pymes\/100063744690430\/\" \/>\n<meta property=\"article:modified_time\" content=\"2022-12-28T16:34:35+00:00\" \/>\n<meta name=\"twitter:card\" content=\"summary_large_image\" \/>\n<meta name=\"twitter:label1\" content=\"Temps estimat de lectura\" \/>\n\t<meta name=\"twitter:data1\" content=\"3 minuts\" \/>\n<script type=\"application\/ld+json\" class=\"yoast-schema-graph\">{\"@context\":\"https:\\\/\\\/schema.org\",\"@graph\":[{\"@type\":\"WebPage\",\"@id\":\"https:\\\/\\\/asesoriaanaliza.com\\\/ca\\\/nosaltres\\\/\",\"url\":\"https:\\\/\\\/asesoriaanaliza.com\\\/ca\\\/nosaltres\\\/\",\"name\":\"Per qu\u00e8 Analiza? - Asesor\u00eda Analiza\",\"isPartOf\":{\"@id\":\"https:\\\/\\\/asesoriaanaliza.com\\\/ca\\\/#website\"},\"datePublished\":\"2018-09-10T17:31:21+00:00\",\"dateModified\":\"2022-12-28T16:34:35+00:00\",\"breadcrumb\":{\"@id\":\"https:\\\/\\\/asesoriaanaliza.com\\\/ca\\\/nosaltres\\\/#breadcrumb\"},\"inLanguage\":\"ca\",\"potentialAction\":[{\"@type\":\"ReadAction\",\"target\":[\"https:\\\/\\\/asesoriaanaliza.com\\\/ca\\\/nosaltres\\\/\"]}]},{\"@type\":\"BreadcrumbList\",\"@id\":\"https:\\\/\\\/asesoriaanaliza.com\\\/ca\\\/nosaltres\\\/#breadcrumb\",\"itemListElement\":[{\"@type\":\"ListItem\",\"position\":1,\"name\":\"Portada\",\"item\":\"https:\\\/\\\/asesoriaanaliza.com\\\/ca\\\/\"},{\"@type\":\"ListItem\",\"position\":2,\"name\":\"Per qu\u00e8 Analiza?\"}]},{\"@type\":\"WebSite\",\"@id\":\"https:\\\/\\\/asesoriaanaliza.com\\\/ca\\\/#website\",\"url\":\"https:\\\/\\\/asesoriaanaliza.com\\\/ca\\\/\",\"name\":\"Asesor\u00eda Analiza\",\"description\":\"Asesor\u00eda para pymes\",\"publisher\":{\"@id\":\"https:\\\/\\\/asesoriaanaliza.com\\\/ca\\\/#organization\"},\"potentialAction\":[{\"@type\":\"SearchAction\",\"target\":{\"@type\":\"EntryPoint\",\"urlTemplate\":\"https:\\\/\\\/asesoriaanaliza.com\\\/ca\\\/?s={search_term_string}\"},\"query-input\":{\"@type\":\"PropertyValueSpecification\",\"valueRequired\":true,\"valueName\":\"search_term_string\"}}],\"inLanguage\":\"ca\"},{\"@type\":\"Organization\",\"@id\":\"https:\\\/\\\/asesoriaanaliza.com\\\/ca\\\/#organization\",\"name\":\"Asesor\u00eda Analiza\",\"url\":\"https:\\\/\\\/asesoriaanaliza.com\\\/ca\\\/\",\"logo\":{\"@type\":\"ImageObject\",\"inLanguage\":\"ca\",\"@id\":\"https:\\\/\\\/asesoriaanaliza.com\\\/ca\\\/#\\\/schema\\\/logo\\\/image\\\/\",\"url\":\"https:\\\/\\\/s285250156.mialojamiento.es\\\/wp-content\\\/uploads\\\/2022\\\/12\\\/ANALIZA-logo-black.png\",\"contentUrl\":\"https:\\\/\\\/s285250156.mialojamiento.es\\\/wp-content\\\/uploads\\\/2022\\\/12\\\/ANALIZA-logo-black.png\",\"width\":689,\"height\":205,\"caption\":\"Asesor\u00eda Analiza\"},\"image\":{\"@id\":\"https:\\\/\\\/asesoriaanaliza.com\\\/ca\\\/#\\\/schema\\\/logo\\\/image\\\/\"},\"sameAs\":[\"https:\\\/\\\/www.facebook.com\\\/people\\\/Analiza-Consultora-Pymes\\\/100063744690430\\\/\",\"https:\\\/\\\/www.linkedin.com\\\/in\\\/carlos-sarto-6552034b\\\/\"]}]}<\/script>\n<!-- \/ Yoast SEO plugin. -->","yoast_head_json":{"title":"Per qu\u00e8 Analiza? - Asesor\u00eda Analiza","robots":{"index":"index","follow":"follow","max-snippet":"max-snippet:-1","max-image-preview":"max-image-preview:large","max-video-preview":"max-video-preview:-1"},"canonical":"https:\/\/asesoriaanaliza.com\/ca\/nosaltres\/","og_locale":"ca_ES","og_type":"article","og_title":"Per qu\u00e8 Analiza? - Asesor\u00eda Analiza","og_description":"[vc_row gap=&#8221;0&#8243; parallax=&#8221;enable_parallax&#8221; enable_overlay=&#8221;yes&#8221; css=&#8221;.vc_custom_1672245239408{margin-top: -35px !important;padding-top: 160px !important;padding-right: 10px !important;padding-bottom: 40px !important;padding-left: 10px !important;background-image:...","og_url":"https:\/\/asesoriaanaliza.com\/ca\/nosaltres\/","og_site_name":"Asesor\u00eda Analiza","article_publisher":"https:\/\/www.facebook.com\/people\/Analiza-Consultora-Pymes\/100063744690430\/","article_modified_time":"2022-12-28T16:34:35+00:00","twitter_card":"summary_large_image","twitter_misc":{"Temps estimat de lectura":"3 minuts"},"schema":{"@context":"https:\/\/schema.org","@graph":[{"@type":"WebPage","@id":"https:\/\/asesoriaanaliza.com\/ca\/nosaltres\/","url":"https:\/\/asesoriaanaliza.com\/ca\/nosaltres\/","name":"Per qu\u00e8 Analiza? - Asesor\u00eda Analiza","isPartOf":{"@id":"https:\/\/asesoriaanaliza.com\/ca\/#website"},"datePublished":"2018-09-10T17:31:21+00:00","dateModified":"2022-12-28T16:34:35+00:00","breadcrumb":{"@id":"https:\/\/asesoriaanaliza.com\/ca\/nosaltres\/#breadcrumb"},"inLanguage":"ca","potentialAction":[{"@type":"ReadAction","target":["https:\/\/asesoriaanaliza.com\/ca\/nosaltres\/"]}]},{"@type":"BreadcrumbList","@id":"https:\/\/asesoriaanaliza.com\/ca\/nosaltres\/#breadcrumb","itemListElement":[{"@type":"ListItem","position":1,"name":"Portada","item":"https:\/\/asesoriaanaliza.com\/ca\/"},{"@type":"ListItem","position":2,"name":"Per qu\u00e8 Analiza?"}]},{"@type":"WebSite","@id":"https:\/\/asesoriaanaliza.com\/ca\/#website","url":"https:\/\/asesoriaanaliza.com\/ca\/","name":"Asesor\u00eda Analiza","description":"Asesor\u00eda para pymes","publisher":{"@id":"https:\/\/asesoriaanaliza.com\/ca\/#organization"},"potentialAction":[{"@type":"SearchAction","target":{"@type":"EntryPoint","urlTemplate":"https:\/\/asesoriaanaliza.com\/ca\/?s={search_term_string}"},"query-input":{"@type":"PropertyValueSpecification","valueRequired":true,"valueName":"search_term_string"}}],"inLanguage":"ca"},{"@type":"Organization","@id":"https:\/\/asesoriaanaliza.com\/ca\/#organization","name":"Asesor\u00eda Analiza","url":"https:\/\/asesoriaanaliza.com\/ca\/","logo":{"@type":"ImageObject","inLanguage":"ca","@id":"https:\/\/asesoriaanaliza.com\/ca\/#\/schema\/logo\/image\/","url":"https:\/\/s285250156.mialojamiento.es\/wp-content\/uploads\/2022\/12\/ANALIZA-logo-black.png","contentUrl":"https:\/\/s285250156.mialojamiento.es\/wp-content\/uploads\/2022\/12\/ANALIZA-logo-black.png","width":689,"height":205,"caption":"Asesor\u00eda Analiza"},"image":{"@id":"https:\/\/asesoriaanaliza.com\/ca\/#\/schema\/logo\/image\/"},"sameAs":["https:\/\/www.facebook.com\/people\/Analiza-Consultora-Pymes\/100063744690430\/","https:\/\/www.linkedin.com\/in\/carlos-sarto-6552034b\/"]}]}},"_links":{"self":[{"href":"https:\/\/asesoriaanaliza.com\/ca\/wp-json\/wp\/v2\/pages\/5140","targetHints":{"allow":["GET"]}}],"collection":[{"href":"https:\/\/asesoriaanaliza.com\/ca\/wp-json\/wp\/v2\/pages"}],"about":[{"href":"https:\/\/asesoriaanaliza.com\/ca\/wp-json\/wp\/v2\/types\/page"}],"author":[{"embeddable":true,"href":"https:\/\/asesoriaanaliza.com\/ca\/wp-json\/wp\/v2\/users\/1"}],"replies":[{"embeddable":true,"href":"https:\/\/asesoriaanaliza.com\/ca\/wp-json\/wp\/v2\/comments?post=5140"}],"version-history":[{"count":9,"href":"https:\/\/asesoriaanaliza.com\/ca\/wp-json\/wp\/v2\/pages\/5140\/revisions"}],"predecessor-version":[{"id":5382,"href":"https:\/\/asesoriaanaliza.com\/ca\/wp-json\/wp\/v2\/pages\/5140\/revisions\/5382"}],"wp:attachment":[{"href":"https:\/\/asesoriaanaliza.com\/ca\/wp-json\/wp\/v2\/media?parent=5140"}],"curies":[{"name":"wp","href":"https:\/\/api.w.org\/{rel}","templated":true}]}}